{"id":95,"date":"2019-06-05T09:52:20","date_gmt":"2019-06-05T09:52:20","guid":{"rendered":"https:\/\/cnc-happe.de\/?page_id=95"},"modified":"2024-04-11T12:42:53","modified_gmt":"2024-04-11T12:42:53","slug":"impressum","status":"publish","type":"page","link":"https:\/\/cnc-happe.de\/en\/impressum","title":{"rendered":"Impressum"},"content":{"rendered":"<div data-elementor-type=\"wp-post\" data-elementor-id=\"95\" class=\"elementor elementor-95\">\n\t\t\t\t\t\t<section class=\"elementor-section elementor-top-section elementor-element elementor-element-06cf4c7 elementor-section-stretched elementor-section-full_width elementor-section-height-default elementor-section-height-default\" data-id=\"06cf4c7\" data-element_type=\"section\" data-settings=\"{&quot;stretch_section&quot;:&quot;section-stretched&quot;,&quot;background_background&quot;:&quot;classic&quot;}\">\n\t\t\t\t\t\t<div class=\"elementor-container elementor-column-gap-no\">\n\t\t\t\t\t<div class=\"elementor-column elementor-col-16 elementor-top-column elementor-element elementor-element-314f94e elementor-hidden-phone\" data-id=\"314f94e\" data-element_type=\"column\">\n\t\t\t<div class=\"elementor-widget-wrap\">\n\t\t\t\t\t\t\t<\/div>\n\t\t<\/div>\n\t\t\t\t<div class=\"elementor-column elementor-col-66 elementor-top-column elementor-element elementor-element-66dc109\" data-id=\"66dc109\" data-element_type=\"column\">\n\t\t\t<div class=\"elementor-widget-wrap elementor-element-populated\">\n\t\t\t\t\t\t<section class=\"elementor-section elementor-inner-section elementor-element elementor-element-da0e422 elementor-section-boxed elementor-section-height-default elementor-section-height-default\" data-id=\"da0e422\" data-element_type=\"section\">\n\t\t\t\t\t\t<div class=\"elementor-container elementor-column-gap-default\">\n\t\t\t\t\t<div class=\"elementor-column elementor-col-100 elementor-inner-column elementor-element elementor-element-bd7e210\" data-id=\"bd7e210\" data-element_type=\"column\">\n\t\t\t<div class=\"elementor-widget-wrap elementor-element-populated\">\n\t\t\t\t\t\t<div class=\"elementor-element elementor-element-cad2abf elementor-widget elementor-widget-heading\" data-id=\"cad2abf\" data-element_type=\"widget\" data-widget_type=\"heading.default\">\n\t\t\t\t<div class=\"elementor-widget-container\">\n\t\t\t<h1 class=\"elementor-heading-title elementor-size-default\">Impressum<\/h1>\t\t<\/div>\n\t\t\t\t<\/div>\n\t\t\t\t\t<\/div>\n\t\t<\/div>\n\t\t\t\t\t<\/div>\n\t\t<\/section>\n\t\t\t\t<div class=\"elementor-element elementor-element-5d2ea51 elementor-widget elementor-widget-text-editor\" data-id=\"5d2ea51\" data-element_type=\"widget\" data-widget_type=\"text-editor.default\">\n\t\t\t\t<div class=\"elementor-widget-container\">\n\t\t\t\t\t\t\t<h2>Angaben gem\u00e4\u00df \u00a7 5 TMG<\/h2><p>CNC-Technik HAPPE GmbH<br \/>Volker Happe <br \/>Ernst-Minner-Stra\u00dfe \u200910<br \/>99310 Arnstadt<\/p><p><span class=\"elementor-icon-list-text\">0 36 28 \u2013 6 63 85 73<\/span><br \/><a href=\"mailto:info@cnc-happe.de\"><span class=\"elementor-icon-list-text\">info@cnc-happe.de<\/span> <\/a><\/p><p><strong>Registereintrag<\/strong><br \/>Eintragung im Handelsregister.<br \/>Registergericht: Amtsgericht Jena<br \/>Registernummer: HRB 515552<br \/>USt-IdNr.: DE323154908<br \/>St.-Nr.: 156\/1070\/4082<\/p><p><strong><b>Verantwortliche*r f\u00fcr Inhalte<\/b> <br \/><\/strong>Herr Volker Happe<\/p><p><b>Design und Realisierung<\/b><b><br \/><\/b>2print Druck und Medien GmbH<br \/>Bahnhofstra\u00dfe 30<br \/>99842 Ruhla<br \/><a href=\"https:\/\/www.2print.de\/\">www.2print.de<\/a><\/p><p><b>EU-Streitschlichtung<\/b><b><br \/><\/b>Die Europ\u00e4ische Kommission stellt eine Plattform zur Online-Streitbeilegung (OS) bereit:<a href=\"https:\/\/ec.europa.eu\/consumers\/odr\"> https:\/\/ec.europa.eu\/consumers\/odr<\/a>.<\/p><p>Unsere E-Mail-Adresse finden Sie oben im Impressum.<\/p><p><b>Verbraucherstreitbeilegung \/ Universalschlichtungsstelle<\/b><b><br \/><\/b>Wir sind nicht verpflichtet, an Streitbeilegungsverfahren vor einer Verbraucherschlichtungsstelle teilzunehmen.<\/p><p><b>Haftung f\u00fcr Inhalte<\/b><b><br \/><\/b>Die Inhalte unserer Seiten wurden mit gr\u00f6\u00dfter Sorgfalt erstellt. F\u00fcr die Richtigkeit, Vollst\u00e4ndigkeit und Aktualit\u00e4t der Inhalte k\u00f6nnen wir jedoch keine Gew\u00e4hr \u00fcbernehmen. Als Websitebetreiber sind wir gem\u00e4\u00df \u00a7 7 Abs. 1 TMG f\u00fcr eigene Inhalte auf diesen Seiten nach den allgemeinen Gesetzen verantwortlich. Nach \u00a7\u00a7 8 bis 10 TMG sind wir als Websitebetreiber jedoch nicht verpflichtet, \u00fcbermittelte oder gespeicherte fremde Informationen zu u\u0308berwachen oder nach Umst\u00e4nden zu forschen, die auf eine rechtswidrige T\u00e4tigkeit hinweisen. Verpflichtungen zur Entfernung oder Sperrung der Nutzung von Informationen nach den allgemeinen Gesetzen bleiben hiervon unber\u00fchrt. Eine diesbez\u00fcgliche Haftung ist jedoch erst ab dem Zeitpunkt der Kenntnis einer konkreten Rechtsverletzung m\u00f6glich. Bei Bekanntwerden von entsprechenden Rechtsverletzungen werden wir diese Inhalte umgehend entfernen.<\/p><p><b>Haftung f\u00fcr Links<\/b><b><br \/><\/b>Unsere Website enth\u00e4lt Links zu externen Websites Dritter, auf deren Inhalte wir keinen Einfluss haben. Deshalb k\u00f6nnen wir fu\u0308r diese fremden Inhalte auch keine Gew\u00e4hr u\u0308bernehmen. Fu\u0308r die Inhalte der verlinkten Seiten ist stets der jeweilige Anbieter oder Betreiber der Seiten verantwortlich. Die verlinkten Seiten wurden zum Zeitpunkt der Verlinkung auf m\u00f6gliche Rechtsverst\u00f6\u00dfe u\u0308berpru\u0308ft. Rechtswidrige Inhalte waren zum Zeitpunkt der Verlinkung nicht erkennbar. Eine permanente inhaltliche Kontrolle der verlinkten Seiten ist jedoch ohne konkrete Anhaltspunkte einer Rechtsverletzung nicht zumutbar. Bei Bekanntwerden von Rechtsverletzungen werden wir derartige Links umgehend entfernen.<\/p><p><b>Urheberrecht<\/b><b><br \/><\/b>Die durch uns erstellten Inhalte und Werke auf diesen Seiten unterliegen dem deutschen Urheberrecht. Die Vervielf\u00e4ltigung, Bearbeitung, Verbreitung und jede Art der Verwertung au\u00dferhalb der Grenzen des Urheberrechtes bed\u00fcrfen der schriftlichen Zustimmung des jeweiligen Autors bzw. Erstellers. Downloads und Kopien dieser Seite sind nur fu\u0308r den privaten, nicht kommerziellen Gebrauch gestattet. Soweit die Inhalte auf dieser Seite nicht uns erstellt wurden, werden die Urheberrechte Dritter beachtet. Insbesondere werden Inhalte Dritter als solche gekennzeichnet. Sollten Sie trotzdem auf eine Urheberrechtsverletzung aufmerksam werden, bitten wir um einen entsprechenden Hinweis. Bei Bekanntwerden von Rechtsverletzungen werden wir derartige Inhalte umgehend entfernen.<\/p><p><b>Datenschutz<\/b><b><br \/><\/b>Die Nutzung unserer Webseite ist in der Regel ohne Angabe personenbezogener Daten m\u00f6glich. Soweit auf unseren Seiten personenbezogene Daten (beispielsweise Name, Anschrift oder E-Mail-Adressen) erhoben werden, erfolgt dies, soweit m\u00f6glich, stets auf freiwilliger Basis. Diese Daten werden ohne Ihre ausdr\u00fcckliche Zustimmung nicht an Dritte weitergegeben.<\/p><p>Wir weisen darauf hin, dass die Daten\u00fcbertragung im Internet (z.B. bei der Kommunikation per E-Mail) Sicherheitsl\u00fccken aufweisen kann. Ein l\u00fcckenloser Schutz der Daten vor dem Zugriff durch Dritte ist nicht m\u00f6glich.<\/p><p>Der Nutzung von im Rahmen der Impressumspflicht ver\u00f6ffentlichten Kontaktdaten durch Dritte zur \u00dcbersendung von nicht ausdr\u00fccklich angeforderter Werbung und Informationsmaterialien wird hiermit ausdr\u00fccklich widersprochen. Die Betreiber der Seiten behalten sich ausdr\u00fccklich rechtliche Schritte im Falle der unverlangten Zusendung von Werbeinformationen, etwa durch Spam-Mails, vor.<\/p><p>\u00a0<\/p>\t\t\t\t\t\t<\/div>\n\t\t\t\t<\/div>\n\t\t\t\t<div class=\"elementor-element elementor-element-37a0a4d elementor-absolute elementor-hidden-tablet elementor-hidden-phone elementor-widget elementor-widget-image\" data-id=\"37a0a4d\" data-element_type=\"widget\" data-settings=\"{&quot;_position&quot;:&quot;absolute&quot;}\" data-widget_type=\"image.default\">\n\t\t\t\t<div class=\"elementor-widget-container\">\n\t\t\t\t\t\t\t\t\t\t\t\t\t<img decoding=\"async\" src=\"https:\/\/cnc-happe.de\/wp-content\/uploads\/2019\/06\/Streifen-flach.svg\" title=\"Streifen flach\" alt=\"Streifen flach\" loading=\"lazy\" \/>\t\t\t\t\t\t\t\t\t\t\t\t\t<\/div>\n\t\t\t\t<\/div>\n\t\t\t\t\t<\/div>\n\t\t<\/div>\n\t\t\t\t<div class=\"elementor-column elementor-col-16 elementor-top-column elementor-element elementor-element-86fb22d\" data-id=\"86fb22d\" data-element_type=\"column\">\n\t\t\t<div class=\"elementor-widget-wrap\">\n\t\t\t\t\t\t\t<\/div>\n\t\t<\/div>\n\t\t\t\t\t<\/div>\n\t\t<\/section>\n\t\t\t\t<\/div>","protected":false},"excerpt":{"rendered":"<p>Impressum Angaben gem\u00e4\u00df \u00a7 5 TMG CNC-Technik HAPPE GmbHVolker Happe Ernst-Minner-Stra\u00dfe \u20091099310 Arnstadt 0 36 28 \u2013 6 63 85 73info@cnc-happe.de RegistereintragEintragung im Handelsregister.Registergericht: Amtsgericht JenaRegisternummer: HRB 515552USt-IdNr.: DE323154908St.-Nr.: 156\/1070\/4082 Verantwortliche*r f\u00fcr Inhalte Herr Volker Happe Design und Realisierung2print Druck und Medien GmbHBahnhofstra\u00dfe 3099842 Ruhlawww.2print.de EU-StreitschlichtungDie Europ\u00e4ische Kommission stellt eine Plattform zur Online-Streitbeilegung (OS) bereit: [&hellip;]<\/p>","protected":false},"author":1,"featured_media":0,"parent":0,"menu_order":0,"comment_status":"closed","ping_status":"closed","template":"","meta":{"inline_featured_image":false,"site-sidebar-layout":"no-sidebar","site-content-layout":"page-builder","ast-site-content-layout":"default","site-content-style":"default","site-sidebar-style":"default","ast-global-header-display":"","ast-banner-title-visibility":"","ast-main-header-display":"","ast-hfb-above-header-display":"","ast-hfb-below-header-display":"","ast-hfb-mobile-header-display":"","site-post-title":"disabled","ast-breadcrumbs-content":"","ast-featured-img":"disabled","footer-sml-layout":"","ast-disable-related-posts":"","theme-transparent-header-meta":"default","adv-header-id-meta":"","stick-header-meta":"","header-above-stick-meta":"","header-main-stick-meta":"","header-below-stick-meta":"","astra-migrate-meta-layouts":"default","ast-page-background-enabled":"default","ast-page-background-meta":{"desktop":{"background-color":"","background-image":"","background-repeat":"repeat","background-position":"center center","background-size":"auto","background-attachment":"scroll","background-type":"","background-media":"","overlay-type":"","overlay-color":"","overlay-opacity":"","overlay-gradient":""},"tablet":{"background-color":"","background-image":"","background-repeat":"repeat","background-position":"center center","background-size":"auto","background-attachment":"scroll","background-type":"","background-media":"","overlay-type":"","overlay-color":"","overlay-opacity":"","overlay-gradient":""},"mobile":{"background-color":"","background-image":"","background-repeat":"repeat","background-position":"center center","background-size":"auto","background-attachment":"scroll","background-type":"","background-media":"","overlay-type":"","overlay-color":"","overlay-opacity":"","overlay-gradient":""}},"ast-content-background-meta":{"desktop":{"background-color":"var(--ast-global-color-5)","background-image":"","background-repeat":"repeat","background-position":"center center","background-size":"auto","background-attachment":"scroll","background-type":"","background-media":"","overlay-type":"","overlay-color":"","overlay-opacity":"","overlay-gradient":""},"tablet":{"background-color":"var(--ast-global-color-5)","background-image":"","background-repeat":"repeat","background-position":"center center","background-size":"auto","background-attachment":"scroll","background-type":"","background-media":"","overlay-type":"","overlay-color":"","overlay-opacity":"","overlay-gradient":""},"mobile":{"background-color":"var(--ast-global-color-5)","background-image":"","background-repeat":"repeat","background-position":"center center","background-size":"auto","background-attachment":"scroll","background-type":"","background-media":"","overlay-type":"","overlay-color":"","overlay-opacity":"","overlay-gradient":""}},"footnotes":""},"class_list":["post-95","page","type-page","status-publish","hentry"],"yoast_head":"<!-- This site is optimized with the Yoast SEO plugin v27.3 - https:\/\/yoast.com\/product\/yoast-seo-wordpress\/ -->\n<title>Impressum - CNC-Happe<\/title>\n<meta name=\"robots\" content=\"index, follow, max-snippet:-1, max-image-preview:large, max-video-preview:-1\" \/>\n<link rel=\"canonical\" href=\"https:\/\/cnc-happe.de\/en\/impressum\/\" \/>\n<meta property=\"og:locale\" content=\"en_GB\" \/>\n<meta property=\"og:type\" content=\"article\" \/>\n<meta property=\"og:title\" content=\"Impressum - CNC-Happe\" \/>\n<meta property=\"og:description\" content=\"Impressum Angaben gem\u00e4\u00df \u00a7 5 TMG CNC-Technik HAPPE GmbHVolker Happe Ernst-Minner-Stra\u00dfe \u20091099310 Arnstadt 0 36 28 \u2013 6 63 85 73info@cnc-happe.de RegistereintragEintragung im Handelsregister.Registergericht: Amtsgericht JenaRegisternummer: HRB 515552USt-IdNr.: DE323154908St.-Nr.: 156\/1070\/4082 Verantwortliche*r f\u00fcr Inhalte Herr Volker Happe Design und Realisierung2print Druck und Medien GmbHBahnhofstra\u00dfe 3099842 Ruhlawww.2print.de EU-StreitschlichtungDie Europ\u00e4ische Kommission stellt eine Plattform zur Online-Streitbeilegung (OS) bereit: [&hellip;]\" \/>\n<meta property=\"og:url\" content=\"https:\/\/cnc-happe.de\/en\/impressum\/\" \/>\n<meta property=\"og:site_name\" content=\"CNC-Happe\" \/>\n<meta property=\"article:modified_time\" content=\"2024-04-11T12:42:53+00:00\" \/>\n<meta property=\"og:image\" content=\"https:\/\/cnc-happe.de\/wp-content\/uploads\/2019\/06\/Streifen-flach.svg\" \/>\n<meta name=\"twitter:card\" content=\"summary_large_image\" \/>\n<meta name=\"twitter:label1\" content=\"Estimated reading time\" \/>\n\t<meta name=\"twitter:data1\" content=\"4 minutes\" \/>\n<script type=\"application\/ld+json\" class=\"yoast-schema-graph\">{\"@context\":\"https:\\\/\\\/schema.org\",\"@graph\":[{\"@type\":\"WebPage\",\"@id\":\"https:\\\/\\\/cnc-happe.de\\\/impressum\",\"url\":\"https:\\\/\\\/cnc-happe.de\\\/impressum\",\"name\":\"Impressum - CNC-Happe\",\"isPartOf\":{\"@id\":\"https:\\\/\\\/cnc-happe.de\\\/#website\"},\"primaryImageOfPage\":{\"@id\":\"https:\\\/\\\/cnc-happe.de\\\/impressum#primaryimage\"},\"image\":{\"@id\":\"https:\\\/\\\/cnc-happe.de\\\/impressum#primaryimage\"},\"thumbnailUrl\":\"https:\\\/\\\/cnc-happe.de\\\/wp-content\\\/uploads\\\/2019\\\/06\\\/Streifen-flach.svg\",\"datePublished\":\"2019-06-05T09:52:20+00:00\",\"dateModified\":\"2024-04-11T12:42:53+00:00\",\"breadcrumb\":{\"@id\":\"https:\\\/\\\/cnc-happe.de\\\/impressum#breadcrumb\"},\"inLanguage\":\"en-GB\",\"potentialAction\":[{\"@type\":\"ReadAction\",\"target\":[\"https:\\\/\\\/cnc-happe.de\\\/impressum\"]}]},{\"@type\":\"ImageObject\",\"inLanguage\":\"en-GB\",\"@id\":\"https:\\\/\\\/cnc-happe.de\\\/impressum#primaryimage\",\"url\":\"https:\\\/\\\/cnc-happe.de\\\/wp-content\\\/uploads\\\/2019\\\/06\\\/Streifen-flach.svg\",\"contentUrl\":\"https:\\\/\\\/cnc-happe.de\\\/wp-content\\\/uploads\\\/2019\\\/06\\\/Streifen-flach.svg\"},{\"@type\":\"BreadcrumbList\",\"@id\":\"https:\\\/\\\/cnc-happe.de\\\/impressum#breadcrumb\",\"itemListElement\":[{\"@type\":\"ListItem\",\"position\":1,\"name\":\"Startseite\",\"item\":\"https:\\\/\\\/cnc-happe.de\\\/\"},{\"@type\":\"ListItem\",\"position\":2,\"name\":\"Impressum\"}]},{\"@type\":\"WebSite\",\"@id\":\"https:\\\/\\\/cnc-happe.de\\\/#website\",\"url\":\"https:\\\/\\\/cnc-happe.de\\\/\",\"name\":\"CNC-Happe\",\"description\":\"\",\"publisher\":{\"@id\":\"https:\\\/\\\/cnc-happe.de\\\/#organization\"},\"potentialAction\":[{\"@type\":\"SearchAction\",\"target\":{\"@type\":\"EntryPoint\",\"urlTemplate\":\"https:\\\/\\\/cnc-happe.de\\\/?s={search_term_string}\"},\"query-input\":{\"@type\":\"PropertyValueSpecification\",\"valueRequired\":true,\"valueName\":\"search_term_string\"}}],\"inLanguage\":\"en-GB\"},{\"@type\":\"Organization\",\"@id\":\"https:\\\/\\\/cnc-happe.de\\\/#organization\",\"name\":\"CNC-Technik Happe GmbH\",\"url\":\"https:\\\/\\\/cnc-happe.de\\\/\",\"logo\":{\"@type\":\"ImageObject\",\"inLanguage\":\"en-GB\",\"@id\":\"https:\\\/\\\/cnc-happe.de\\\/#\\\/schema\\\/logo\\\/image\\\/\",\"url\":\"https:\\\/\\\/cnc-happe.de\\\/wp-content\\\/uploads\\\/2019\\\/06\\\/Logo-einzeln.svg\",\"contentUrl\":\"https:\\\/\\\/cnc-happe.de\\\/wp-content\\\/uploads\\\/2019\\\/06\\\/Logo-einzeln.svg\",\"width\":410.772,\"height\":143.33,\"caption\":\"CNC-Technik Happe GmbH\"},\"image\":{\"@id\":\"https:\\\/\\\/cnc-happe.de\\\/#\\\/schema\\\/logo\\\/image\\\/\"}}]}<\/script>\n<!-- \/ Yoast SEO plugin. -->","yoast_head_json":{"title":"Impressum - CNC-Happe","robots":{"index":"index","follow":"follow","max-snippet":"max-snippet:-1","max-image-preview":"max-image-preview:large","max-video-preview":"max-video-preview:-1"},"canonical":"https:\/\/cnc-happe.de\/en\/impressum\/","og_locale":"en_GB","og_type":"article","og_title":"Impressum - CNC-Happe","og_description":"Impressum Angaben gem\u00e4\u00df \u00a7 5 TMG CNC-Technik HAPPE GmbHVolker Happe Ernst-Minner-Stra\u00dfe \u20091099310 Arnstadt 0 36 28 \u2013 6 63 85 73info@cnc-happe.de RegistereintragEintragung im Handelsregister.Registergericht: Amtsgericht JenaRegisternummer: HRB 515552USt-IdNr.: DE323154908St.-Nr.: 156\/1070\/4082 Verantwortliche*r f\u00fcr Inhalte Herr Volker Happe Design und Realisierung2print Druck und Medien GmbHBahnhofstra\u00dfe 3099842 Ruhlawww.2print.de EU-StreitschlichtungDie Europ\u00e4ische Kommission stellt eine Plattform zur Online-Streitbeilegung (OS) bereit: [&hellip;]","og_url":"https:\/\/cnc-happe.de\/en\/impressum\/","og_site_name":"CNC-Happe","article_modified_time":"2024-04-11T12:42:53+00:00","og_image":[{"url":"https:\/\/cnc-happe.de\/wp-content\/uploads\/2019\/06\/Streifen-flach.svg","type":"","width":"","height":""}],"twitter_card":"summary_large_image","twitter_misc":{"Estimated reading time":"4 minutes"},"schema":{"@context":"https:\/\/schema.org","@graph":[{"@type":"WebPage","@id":"https:\/\/cnc-happe.de\/impressum","url":"https:\/\/cnc-happe.de\/impressum","name":"Impressum - CNC-Happe","isPartOf":{"@id":"https:\/\/cnc-happe.de\/#website"},"primaryImageOfPage":{"@id":"https:\/\/cnc-happe.de\/impressum#primaryimage"},"image":{"@id":"https:\/\/cnc-happe.de\/impressum#primaryimage"},"thumbnailUrl":"https:\/\/cnc-happe.de\/wp-content\/uploads\/2019\/06\/Streifen-flach.svg","datePublished":"2019-06-05T09:52:20+00:00","dateModified":"2024-04-11T12:42:53+00:00","breadcrumb":{"@id":"https:\/\/cnc-happe.de\/impressum#breadcrumb"},"inLanguage":"en-GB","potentialAction":[{"@type":"ReadAction","target":["https:\/\/cnc-happe.de\/impressum"]}]},{"@type":"ImageObject","inLanguage":"en-GB","@id":"https:\/\/cnc-happe.de\/impressum#primaryimage","url":"https:\/\/cnc-happe.de\/wp-content\/uploads\/2019\/06\/Streifen-flach.svg","contentUrl":"https:\/\/cnc-happe.de\/wp-content\/uploads\/2019\/06\/Streifen-flach.svg"},{"@type":"BreadcrumbList","@id":"https:\/\/cnc-happe.de\/impressum#breadcrumb","itemListElement":[{"@type":"ListItem","position":1,"name":"Startseite","item":"https:\/\/cnc-happe.de\/"},{"@type":"ListItem","position":2,"name":"Impressum"}]},{"@type":"WebSite","@id":"https:\/\/cnc-happe.de\/#website","url":"https:\/\/cnc-happe.de\/","name":"CNC-Happe","description":"","publisher":{"@id":"https:\/\/cnc-happe.de\/#organization"},"potentialAction":[{"@type":"SearchAction","target":{"@type":"EntryPoint","urlTemplate":"https:\/\/cnc-happe.de\/?s={search_term_string}"},"query-input":{"@type":"PropertyValueSpecification","valueRequired":true,"valueName":"search_term_string"}}],"inLanguage":"en-GB"},{"@type":"Organization","@id":"https:\/\/cnc-happe.de\/#organization","name":"CNC-Technik Happe GmbH","url":"https:\/\/cnc-happe.de\/","logo":{"@type":"ImageObject","inLanguage":"en-GB","@id":"https:\/\/cnc-happe.de\/#\/schema\/logo\/image\/","url":"https:\/\/cnc-happe.de\/wp-content\/uploads\/2019\/06\/Logo-einzeln.svg","contentUrl":"https:\/\/cnc-happe.de\/wp-content\/uploads\/2019\/06\/Logo-einzeln.svg","width":410.772,"height":143.33,"caption":"CNC-Technik Happe GmbH"},"image":{"@id":"https:\/\/cnc-happe.de\/#\/schema\/logo\/image\/"}}]}},"_links":{"self":[{"href":"https:\/\/cnc-happe.de\/en\/wp-json\/wp\/v2\/pages\/95","targetHints":{"allow":["GET"]}}],"collection":[{"href":"https:\/\/cnc-happe.de\/en\/wp-json\/wp\/v2\/pages"}],"about":[{"href":"https:\/\/cnc-happe.de\/en\/wp-json\/wp\/v2\/types\/page"}],"author":[{"embeddable":true,"href":"https:\/\/cnc-happe.de\/en\/wp-json\/wp\/v2\/users\/1"}],"replies":[{"embeddable":true,"href":"https:\/\/cnc-happe.de\/en\/wp-json\/wp\/v2\/comments?post=95"}],"version-history":[{"count":23,"href":"https:\/\/cnc-happe.de\/en\/wp-json\/wp\/v2\/pages\/95\/revisions"}],"predecessor-version":[{"id":1335,"href":"https:\/\/cnc-happe.de\/en\/wp-json\/wp\/v2\/pages\/95\/revisions\/1335"}],"wp:attachment":[{"href":"https:\/\/cnc-happe.de\/en\/wp-json\/wp\/v2\/media?parent=95"}],"curies":[{"name":"wp","href":"https:\/\/api.w.org\/{rel}","templated":true}]}}