{"id":89,"date":"2019-06-05T09:49:13","date_gmt":"2019-06-05T09:49:13","guid":{"rendered":"https:\/\/cnc-happe.de\/?page_id=89"},"modified":"2022-11-28T10:14:21","modified_gmt":"2022-11-28T10:14:21","slug":"kontakt","status":"publish","type":"page","link":"https:\/\/cnc-happe.de\/en\/kontakt","title":{"rendered":"Kontakt"},"content":{"rendered":"<div data-elementor-type=\"wp-post\" data-elementor-id=\"89\" class=\"elementor elementor-89\">\n\t\t\t\t\t\t<section class=\"elementor-section elementor-top-section elementor-element elementor-element-8ebc587 elementor-section-boxed elementor-section-height-default elementor-section-height-default\" data-id=\"8ebc587\" data-element_type=\"section\" data-settings=\"{&quot;background_background&quot;:&quot;classic&quot;}\">\n\t\t\t\t\t\t<div class=\"elementor-container elementor-column-gap-no\">\n\t\t\t\t\t<div class=\"elementor-column elementor-col-100 elementor-top-column elementor-element elementor-element-2ca9561\" data-id=\"2ca9561\" data-element_type=\"column\">\n\t\t\t<div class=\"elementor-widget-wrap elementor-element-populated\">\n\t\t\t\t\t\t<div class=\"elementor-element elementor-element-740aeb0 elementor-widget elementor-widget-spacer\" data-id=\"740aeb0\" data-element_type=\"widget\" data-widget_type=\"spacer.default\">\n\t\t\t\t<div class=\"elementor-widget-container\">\n\t\t\t\t\t<div class=\"elementor-spacer\">\n\t\t\t<div class=\"elementor-spacer-inner\"><\/div>\n\t\t<\/div>\n\t\t\t\t<\/div>\n\t\t\t\t<\/div>\n\t\t\t\t<section class=\"elementor-section elementor-inner-section elementor-element elementor-element-5765900 elementor-section-boxed elementor-section-height-default elementor-section-height-default\" data-id=\"5765900\" data-element_type=\"section\">\n\t\t\t\t\t\t<div class=\"elementor-container elementor-column-gap-default\">\n\t\t\t\t\t<div class=\"elementor-column elementor-col-100 elementor-inner-column elementor-element elementor-element-64bdc7e\" data-id=\"64bdc7e\" data-element_type=\"column\">\n\t\t\t<div class=\"elementor-widget-wrap elementor-element-populated\">\n\t\t\t\t\t\t<div class=\"elementor-element elementor-element-3ca9b07 elementor-widget elementor-widget-heading\" data-id=\"3ca9b07\" data-element_type=\"widget\" data-widget_type=\"heading.default\">\n\t\t\t\t<div class=\"elementor-widget-container\">\n\t\t\t<h1 class=\"elementor-heading-title elementor-size-default\">NEHMEN SIE<\/h1>\t\t<\/div>\n\t\t\t\t<\/div>\n\t\t\t\t<div class=\"elementor-element elementor-element-33976aa elementor-widget elementor-widget-heading\" data-id=\"33976aa\" data-element_type=\"widget\" data-widget_type=\"heading.default\">\n\t\t\t\t<div class=\"elementor-widget-container\">\n\t\t\t<h1 class=\"elementor-heading-title elementor-size-default\">KONTAKT MIT UNS AUF<\/h1>\t\t<\/div>\n\t\t\t\t<\/div>\n\t\t\t\t\t<\/div>\n\t\t<\/div>\n\t\t\t\t\t<\/div>\n\t\t<\/section>\n\t\t\t\t<div class=\"elementor-element elementor-element-bea3a76 elementor-widget elementor-widget-spacer\" data-id=\"bea3a76\" data-element_type=\"widget\" data-widget_type=\"spacer.default\">\n\t\t\t\t<div class=\"elementor-widget-container\">\n\t\t\t\t\t<div class=\"elementor-spacer\">\n\t\t\t<div class=\"elementor-spacer-inner\"><\/div>\n\t\t<\/div>\n\t\t\t\t<\/div>\n\t\t\t\t<\/div>\n\t\t\t\t<div class=\"elementor-element elementor-element-a5ce736 elementor-widget elementor-widget-text-editor\" data-id=\"a5ce736\" data-element_type=\"widget\" data-widget_type=\"text-editor.default\">\n\t\t\t\t<div class=\"elementor-widget-container\">\n\t\t\t\t\t\t\t<p>Sie m\u00f6chten Kontakt mit uns aufnehmen oder pers\u00f6nlich vorbeikommen? Hier finden Sie unsere Adresse sowie eine Anfahrtsbeschreibung. Bei allen Fragen k\u00f6nnen Sie uns jederzeit gerne kontaktieren. Wir werden uns schnellstm\u00f6glich um Ihr Anliegen k\u00fcmmern und uns mit Ihnen in Verbindung setzen.<\/p>\t\t\t\t\t\t<\/div>\n\t\t\t\t<\/div>\n\t\t\t\t<section class=\"elementor-section elementor-inner-section elementor-element elementor-element-4b5eec7 elementor-section-boxed elementor-section-height-default elementor-section-height-default\" data-id=\"4b5eec7\" data-element_type=\"section\">\n\t\t\t\t\t\t<div class=\"elementor-container elementor-column-gap-no\">\n\t\t\t\t\t<div class=\"elementor-column elementor-col-33 elementor-inner-column elementor-element elementor-element-a5f5a89\" data-id=\"a5f5a89\" data-element_type=\"column\">\n\t\t\t<div class=\"elementor-widget-wrap elementor-element-populated\">\n\t\t\t\t\t\t<div class=\"elementor-element elementor-element-9f60686 elementor-tablet-align-left elementor-icon-list--layout-traditional elementor-list-item-link-full_width elementor-widget elementor-widget-icon-list\" data-id=\"9f60686\" data-element_type=\"widget\" data-widget_type=\"icon-list.default\">\n\t\t\t\t<div class=\"elementor-widget-container\">\n\t\t\t\t\t<ul class=\"elementor-icon-list-items\">\n\t\t\t\t\t\t\t<li class=\"elementor-icon-list-item\">\n\t\t\t\t\t\t\t\t\t\t\t<span class=\"elementor-icon-list-icon\">\n\t\t\t\t\t\t\t<i aria-hidden=\"true\" class=\"fas fa-building\"><\/i>\t\t\t\t\t\t<\/span>\n\t\t\t\t\t\t\t\t\t\t<span class=\"elementor-icon-list-text\">CNC-Technik HAPPE GmbH<\/span>\n\t\t\t\t\t\t\t\t\t<\/li>\n\t\t\t\t\t\t\t\t<li class=\"elementor-icon-list-item\">\n\t\t\t\t\t\t\t\t\t\t\t<span class=\"elementor-icon-list-icon\">\n\t\t\t\t\t\t\t<i aria-hidden=\"true\" class=\"fas fa-user\"><\/i>\t\t\t\t\t\t<\/span>\n\t\t\t\t\t\t\t\t\t\t<span class=\"elementor-icon-list-text\">Volker Happe<\/span>\n\t\t\t\t\t\t\t\t\t<\/li>\n\t\t\t\t\t\t\t\t<li class=\"elementor-icon-list-item\">\n\t\t\t\t\t\t\t\t\t\t\t<span class=\"elementor-icon-list-icon\">\n\t\t\t\t\t\t\t<i aria-hidden=\"true\" class=\"fas fa-map-marker-alt\"><\/i>\t\t\t\t\t\t<\/span>\n\t\t\t\t\t\t\t\t\t\t<span class=\"elementor-icon-list-text\">Ernst-Minner-Stra\u00dfe 10<br>99310 Arnstadt<br>(Gewerbegebiet Erfurter Kreuz)<\/span>\n\t\t\t\t\t\t\t\t\t<\/li>\n\t\t\t\t\t\t\t\t<li class=\"elementor-icon-list-item\">\n\t\t\t\t\t\t\t\t\t\t\t<span class=\"elementor-icon-list-icon\">\n\t\t\t\t\t\t\t<i aria-hidden=\"true\" class=\"fas fa-phone\"><\/i>\t\t\t\t\t\t<\/span>\n\t\t\t\t\t\t\t\t\t\t<span class=\"elementor-icon-list-text\">0 36 28 \u2013 6 63 85 73<\/span>\n\t\t\t\t\t\t\t\t\t<\/li>\n\t\t\t\t\t\t\t\t<li class=\"elementor-icon-list-item\">\n\t\t\t\t\t\t\t\t\t\t\t<a href=\"mailto:info@cnc-happe.de\">\n\n\t\t\t\t\t\t\t\t\t\t\t\t<span class=\"elementor-icon-list-icon\">\n\t\t\t\t\t\t\t<i aria-hidden=\"true\" class=\"fas fa-at\"><\/i>\t\t\t\t\t\t<\/span>\n\t\t\t\t\t\t\t\t\t\t<span class=\"elementor-icon-list-text\">info@cnc-happe.de<\/span>\n\t\t\t\t\t\t\t\t\t\t\t<\/a>\n\t\t\t\t\t\t\t\t\t<\/li>\n\t\t\t\t\t\t\t\t<li class=\"elementor-icon-list-item\">\n\t\t\t\t\t\t\t\t\t\t\t<a href=\"https:\/\/cnc-happe.de\/en\/\">\n\n\t\t\t\t\t\t\t\t\t\t\t\t<span class=\"elementor-icon-list-icon\">\n\t\t\t\t\t\t\t<i aria-hidden=\"true\" class=\"fas fa-globe\"><\/i>\t\t\t\t\t\t<\/span>\n\t\t\t\t\t\t\t\t\t\t<span class=\"elementor-icon-list-text\">www.cnc-happe.de<\/span>\n\t\t\t\t\t\t\t\t\t\t\t<\/a>\n\t\t\t\t\t\t\t\t\t<\/li>\n\t\t\t\t\t\t<\/ul>\n\t\t\t\t<\/div>\n\t\t\t\t<\/div>\n\t\t\t\t\t<\/div>\n\t\t<\/div>\n\t\t\t\t<div class=\"elementor-column elementor-col-66 elementor-inner-column elementor-element elementor-element-2df2c34\" data-id=\"2df2c34\" data-element_type=\"column\">\n\t\t\t<div class=\"elementor-widget-wrap\">\n\t\t\t\t\t\t\t<\/div>\n\t\t<\/div>\n\t\t\t\t\t<\/div>\n\t\t<\/section>\n\t\t\t\t<div class=\"elementor-element elementor-element-1b814e3 elementor-widget elementor-widget-spacer\" data-id=\"1b814e3\" data-element_type=\"widget\" data-widget_type=\"spacer.default\">\n\t\t\t\t<div class=\"elementor-widget-container\">\n\t\t\t\t\t<div class=\"elementor-spacer\">\n\t\t\t<div class=\"elementor-spacer-inner\"><\/div>\n\t\t<\/div>\n\t\t\t\t<\/div>\n\t\t\t\t<\/div>\n\t\t\t\t<div class=\"elementor-element elementor-element-2bb0c73 elementor-absolute elementor-hidden-tablet elementor-hidden-phone elementor-widget elementor-widget-image\" data-id=\"2bb0c73\" data-element_type=\"widget\" data-settings=\"{&quot;_position&quot;:&quot;absolute&quot;}\" data-widget_type=\"image.default\">\n\t\t\t\t<div class=\"elementor-widget-container\">\n\t\t\t\t\t\t\t\t\t\t\t\t\t<img decoding=\"async\" width=\"1\" height=\"1\" src=\"https:\/\/cnc-happe.de\/wp-content\/uploads\/2019\/06\/Streifen-flach.svg\" class=\"attachment-large size-large wp-image-158\" alt=\"\" \/>\t\t\t\t\t\t\t\t\t\t\t\t\t<\/div>\n\t\t\t\t<\/div>\n\t\t\t\t\t<\/div>\n\t\t<\/div>\n\t\t\t\t\t<\/div>\n\t\t<\/section>\n\t\t\t\t<\/div>","protected":false},"excerpt":{"rendered":"<p>NEHMEN SIE KONTAKT MIT UNS AUF Sie m\u00f6chten Kontakt mit uns aufnehmen oder pers\u00f6nlich vorbeikommen? Hier finden Sie unsere Adresse sowie eine Anfahrtsbeschreibung. Bei allen Fragen k\u00f6nnen Sie uns jederzeit gerne kontaktieren. Wir werden uns schnellstm\u00f6glich um Ihr Anliegen k\u00fcmmern und uns mit Ihnen in Verbindung setzen. CNC-Technik HAPPE GmbH Volker Happe Ernst-Minner-Stra\u00dfe 1099310 Arnstadt(Gewerbegebiet [&hellip;]<\/p>","protected":false},"author":1,"featured_media":0,"parent":0,"menu_order":0,"comment_status":"closed","ping_status":"closed","template":"","meta":{"inline_featured_image":false,"site-sidebar-layout":"no-sidebar","site-content-layout":"page-builder","ast-site-content-layout":"default","site-content-style":"default","site-sidebar-style":"default","ast-global-header-display":"","ast-banner-title-visibility":"","ast-main-header-display":"","ast-hfb-above-header-display":"","ast-hfb-below-header-display":"","ast-hfb-mobile-header-display":"","site-post-title":"disabled","ast-breadcrumbs-content":"","ast-featured-img":"disabled","footer-sml-layout":"","ast-disable-related-posts":"","theme-transparent-header-meta":"default","adv-header-id-meta":"","stick-header-meta":"","header-above-stick-meta":"","header-main-stick-meta":"","header-below-stick-meta":"","astra-migrate-meta-layouts":"default","ast-page-background-enabled":"default","ast-page-background-meta":{"desktop":{"background-color":"","background-image":"","background-repeat":"repeat","background-position":"center center","background-size":"auto","background-attachment":"scroll","background-type":"","background-media":"","overlay-type":"","overlay-color":"","overlay-opacity":"","overlay-gradient":""},"tablet":{"background-color":"","background-image":"","background-repeat":"repeat","background-position":"center center","background-size":"auto","background-attachment":"scroll","background-type":"","background-media":"","overlay-type":"","overlay-color":"","overlay-opacity":"","overlay-gradient":""},"mobile":{"background-color":"","background-image":"","background-repeat":"repeat","background-position":"center center","background-size":"auto","background-attachment":"scroll","background-type":"","background-media":"","overlay-type":"","overlay-color":"","overlay-opacity":"","overlay-gradient":""}},"ast-content-background-meta":{"desktop":{"background-color":"var(--ast-global-color-5)","background-image":"","background-repeat":"repeat","background-position":"center center","background-size":"auto","background-attachment":"scroll","background-type":"","background-media":"","overlay-type":"","overlay-color":"","overlay-opacity":"","overlay-gradient":""},"tablet":{"background-color":"var(--ast-global-color-5)","background-image":"","background-repeat":"repeat","background-position":"center center","background-size":"auto","background-attachment":"scroll","background-type":"","background-media":"","overlay-type":"","overlay-color":"","overlay-opacity":"","overlay-gradient":""},"mobile":{"background-color":"var(--ast-global-color-5)","background-image":"","background-repeat":"repeat","background-position":"center center","background-size":"auto","background-attachment":"scroll","background-type":"","background-media":"","overlay-type":"","overlay-color":"","overlay-opacity":"","overlay-gradient":""}},"footnotes":""},"class_list":["post-89","page","type-page","status-publish","hentry"],"yoast_head":"<!-- This site is optimized with the Yoast SEO plugin v27.3 - https:\/\/yoast.com\/product\/yoast-seo-wordpress\/ -->\n<title>Kontakt - CNC-Happe<\/title>\n<meta name=\"robots\" content=\"index, follow, max-snippet:-1, max-image-preview:large, max-video-preview:-1\" \/>\n<link rel=\"canonical\" href=\"https:\/\/cnc-happe.de\/en\/kontakt\/\" \/>\n<meta property=\"og:locale\" content=\"en_GB\" \/>\n<meta property=\"og:type\" content=\"article\" \/>\n<meta property=\"og:title\" content=\"Kontakt - CNC-Happe\" \/>\n<meta property=\"og:description\" content=\"NEHMEN SIE KONTAKT MIT UNS AUF Sie m\u00f6chten Kontakt mit uns aufnehmen oder pers\u00f6nlich vorbeikommen? Hier finden Sie unsere Adresse sowie eine Anfahrtsbeschreibung. Bei allen Fragen k\u00f6nnen Sie uns jederzeit gerne kontaktieren. Wir werden uns schnellstm\u00f6glich um Ihr Anliegen k\u00fcmmern und uns mit Ihnen in Verbindung setzen. CNC-Technik HAPPE GmbH Volker Happe Ernst-Minner-Stra\u00dfe 1099310 Arnstadt(Gewerbegebiet [&hellip;]\" \/>\n<meta property=\"og:url\" content=\"https:\/\/cnc-happe.de\/en\/kontakt\/\" \/>\n<meta property=\"og:site_name\" content=\"CNC-Happe\" \/>\n<meta property=\"article:modified_time\" content=\"2022-11-28T10:14:21+00:00\" \/>\n<meta property=\"og:image\" content=\"https:\/\/cnc-happe.de\/wp-content\/uploads\/2019\/06\/Streifen-flach.svg\" \/>\n<meta name=\"twitter:card\" content=\"summary_large_image\" \/>\n<script type=\"application\/ld+json\" class=\"yoast-schema-graph\">{\"@context\":\"https:\\\/\\\/schema.org\",\"@graph\":[{\"@type\":\"WebPage\",\"@id\":\"https:\\\/\\\/cnc-happe.de\\\/kontakt\",\"url\":\"https:\\\/\\\/cnc-happe.de\\\/kontakt\",\"name\":\"Kontakt - CNC-Happe\",\"isPartOf\":{\"@id\":\"https:\\\/\\\/cnc-happe.de\\\/#website\"},\"primaryImageOfPage\":{\"@id\":\"https:\\\/\\\/cnc-happe.de\\\/kontakt#primaryimage\"},\"image\":{\"@id\":\"https:\\\/\\\/cnc-happe.de\\\/kontakt#primaryimage\"},\"thumbnailUrl\":\"https:\\\/\\\/cnc-happe.de\\\/wp-content\\\/uploads\\\/2019\\\/06\\\/Streifen-flach.svg\",\"datePublished\":\"2019-06-05T09:49:13+00:00\",\"dateModified\":\"2022-11-28T10:14:21+00:00\",\"breadcrumb\":{\"@id\":\"https:\\\/\\\/cnc-happe.de\\\/kontakt#breadcrumb\"},\"inLanguage\":\"en-GB\",\"potentialAction\":[{\"@type\":\"ReadAction\",\"target\":[\"https:\\\/\\\/cnc-happe.de\\\/kontakt\"]}]},{\"@type\":\"ImageObject\",\"inLanguage\":\"en-GB\",\"@id\":\"https:\\\/\\\/cnc-happe.de\\\/kontakt#primaryimage\",\"url\":\"https:\\\/\\\/cnc-happe.de\\\/wp-content\\\/uploads\\\/2019\\\/06\\\/Streifen-flach.svg\",\"contentUrl\":\"https:\\\/\\\/cnc-happe.de\\\/wp-content\\\/uploads\\\/2019\\\/06\\\/Streifen-flach.svg\"},{\"@type\":\"BreadcrumbList\",\"@id\":\"https:\\\/\\\/cnc-happe.de\\\/kontakt#breadcrumb\",\"itemListElement\":[{\"@type\":\"ListItem\",\"position\":1,\"name\":\"Startseite\",\"item\":\"https:\\\/\\\/cnc-happe.de\\\/\"},{\"@type\":\"ListItem\",\"position\":2,\"name\":\"Kontakt\"}]},{\"@type\":\"WebSite\",\"@id\":\"https:\\\/\\\/cnc-happe.de\\\/#website\",\"url\":\"https:\\\/\\\/cnc-happe.de\\\/\",\"name\":\"CNC-Happe\",\"description\":\"\",\"publisher\":{\"@id\":\"https:\\\/\\\/cnc-happe.de\\\/#organization\"},\"potentialAction\":[{\"@type\":\"SearchAction\",\"target\":{\"@type\":\"EntryPoint\",\"urlTemplate\":\"https:\\\/\\\/cnc-happe.de\\\/?s={search_term_string}\"},\"query-input\":{\"@type\":\"PropertyValueSpecification\",\"valueRequired\":true,\"valueName\":\"search_term_string\"}}],\"inLanguage\":\"en-GB\"},{\"@type\":\"Organization\",\"@id\":\"https:\\\/\\\/cnc-happe.de\\\/#organization\",\"name\":\"CNC-Technik Happe GmbH\",\"url\":\"https:\\\/\\\/cnc-happe.de\\\/\",\"logo\":{\"@type\":\"ImageObject\",\"inLanguage\":\"en-GB\",\"@id\":\"https:\\\/\\\/cnc-happe.de\\\/#\\\/schema\\\/logo\\\/image\\\/\",\"url\":\"https:\\\/\\\/cnc-happe.de\\\/wp-content\\\/uploads\\\/2019\\\/06\\\/Logo-einzeln.svg\",\"contentUrl\":\"https:\\\/\\\/cnc-happe.de\\\/wp-content\\\/uploads\\\/2019\\\/06\\\/Logo-einzeln.svg\",\"width\":410.772,\"height\":143.33,\"caption\":\"CNC-Technik Happe GmbH\"},\"image\":{\"@id\":\"https:\\\/\\\/cnc-happe.de\\\/#\\\/schema\\\/logo\\\/image\\\/\"}}]}<\/script>\n<!-- \/ Yoast SEO plugin. -->","yoast_head_json":{"title":"Kontakt - CNC-Happe","robots":{"index":"index","follow":"follow","max-snippet":"max-snippet:-1","max-image-preview":"max-image-preview:large","max-video-preview":"max-video-preview:-1"},"canonical":"https:\/\/cnc-happe.de\/en\/kontakt\/","og_locale":"en_GB","og_type":"article","og_title":"Kontakt - CNC-Happe","og_description":"NEHMEN SIE KONTAKT MIT UNS AUF Sie m\u00f6chten Kontakt mit uns aufnehmen oder pers\u00f6nlich vorbeikommen? Hier finden Sie unsere Adresse sowie eine Anfahrtsbeschreibung. Bei allen Fragen k\u00f6nnen Sie uns jederzeit gerne kontaktieren. Wir werden uns schnellstm\u00f6glich um Ihr Anliegen k\u00fcmmern und uns mit Ihnen in Verbindung setzen. CNC-Technik HAPPE GmbH Volker Happe Ernst-Minner-Stra\u00dfe 1099310 Arnstadt(Gewerbegebiet [&hellip;]","og_url":"https:\/\/cnc-happe.de\/en\/kontakt\/","og_site_name":"CNC-Happe","article_modified_time":"2022-11-28T10:14:21+00:00","og_image":[{"url":"https:\/\/cnc-happe.de\/wp-content\/uploads\/2019\/06\/Streifen-flach.svg","type":"","width":"","height":""}],"twitter_card":"summary_large_image","schema":{"@context":"https:\/\/schema.org","@graph":[{"@type":"WebPage","@id":"https:\/\/cnc-happe.de\/kontakt","url":"https:\/\/cnc-happe.de\/kontakt","name":"Kontakt - CNC-Happe","isPartOf":{"@id":"https:\/\/cnc-happe.de\/#website"},"primaryImageOfPage":{"@id":"https:\/\/cnc-happe.de\/kontakt#primaryimage"},"image":{"@id":"https:\/\/cnc-happe.de\/kontakt#primaryimage"},"thumbnailUrl":"https:\/\/cnc-happe.de\/wp-content\/uploads\/2019\/06\/Streifen-flach.svg","datePublished":"2019-06-05T09:49:13+00:00","dateModified":"2022-11-28T10:14:21+00:00","breadcrumb":{"@id":"https:\/\/cnc-happe.de\/kontakt#breadcrumb"},"inLanguage":"en-GB","potentialAction":[{"@type":"ReadAction","target":["https:\/\/cnc-happe.de\/kontakt"]}]},{"@type":"ImageObject","inLanguage":"en-GB","@id":"https:\/\/cnc-happe.de\/kontakt#primaryimage","url":"https:\/\/cnc-happe.de\/wp-content\/uploads\/2019\/06\/Streifen-flach.svg","contentUrl":"https:\/\/cnc-happe.de\/wp-content\/uploads\/2019\/06\/Streifen-flach.svg"},{"@type":"BreadcrumbList","@id":"https:\/\/cnc-happe.de\/kontakt#breadcrumb","itemListElement":[{"@type":"ListItem","position":1,"name":"Startseite","item":"https:\/\/cnc-happe.de\/"},{"@type":"ListItem","position":2,"name":"Kontakt"}]},{"@type":"WebSite","@id":"https:\/\/cnc-happe.de\/#website","url":"https:\/\/cnc-happe.de\/","name":"CNC-Happe","description":"","publisher":{"@id":"https:\/\/cnc-happe.de\/#organization"},"potentialAction":[{"@type":"SearchAction","target":{"@type":"EntryPoint","urlTemplate":"https:\/\/cnc-happe.de\/?s={search_term_string}"},"query-input":{"@type":"PropertyValueSpecification","valueRequired":true,"valueName":"search_term_string"}}],"inLanguage":"en-GB"},{"@type":"Organization","@id":"https:\/\/cnc-happe.de\/#organization","name":"CNC-Technik Happe GmbH","url":"https:\/\/cnc-happe.de\/","logo":{"@type":"ImageObject","inLanguage":"en-GB","@id":"https:\/\/cnc-happe.de\/#\/schema\/logo\/image\/","url":"https:\/\/cnc-happe.de\/wp-content\/uploads\/2019\/06\/Logo-einzeln.svg","contentUrl":"https:\/\/cnc-happe.de\/wp-content\/uploads\/2019\/06\/Logo-einzeln.svg","width":410.772,"height":143.33,"caption":"CNC-Technik Happe GmbH"},"image":{"@id":"https:\/\/cnc-happe.de\/#\/schema\/logo\/image\/"}}]}},"_links":{"self":[{"href":"https:\/\/cnc-happe.de\/en\/wp-json\/wp\/v2\/pages\/89","targetHints":{"allow":["GET"]}}],"collection":[{"href":"https:\/\/cnc-happe.de\/en\/wp-json\/wp\/v2\/pages"}],"about":[{"href":"https:\/\/cnc-happe.de\/en\/wp-json\/wp\/v2\/types\/page"}],"author":[{"embeddable":true,"href":"https:\/\/cnc-happe.de\/en\/wp-json\/wp\/v2\/users\/1"}],"replies":[{"embeddable":true,"href":"https:\/\/cnc-happe.de\/en\/wp-json\/wp\/v2\/comments?post=89"}],"version-history":[{"count":47,"href":"https:\/\/cnc-happe.de\/en\/wp-json\/wp\/v2\/pages\/89\/revisions"}],"predecessor-version":[{"id":1284,"href":"https:\/\/cnc-happe.de\/en\/wp-json\/wp\/v2\/pages\/89\/revisions\/1284"}],"wp:attachment":[{"href":"https:\/\/cnc-happe.de\/en\/wp-json\/wp\/v2\/media?parent=89"}],"curies":[{"name":"wp","href":"https:\/\/api.w.org\/{rel}","templated":true}]}}