{"id":778,"date":"2020-06-09T11:19:08","date_gmt":"2020-06-09T11:19:08","guid":{"rendered":"https:\/\/cnc-happe.de\/?page_id=778"},"modified":"2020-11-19T13:29:17","modified_gmt":"2020-11-19T13:29:17","slug":"geraetebau","status":"publish","type":"page","link":"https:\/\/cnc-happe.de\/en\/geraetebau","title":{"rendered":"Ger\u00e4tebau"},"content":{"rendered":"<div data-elementor-type=\"wp-page\" data-elementor-id=\"778\" class=\"elementor elementor-778\">\n\t\t\t\t\t\t<section class=\"elementor-section elementor-top-section elementor-element elementor-element-91edbf5 elementor-section-stretched elementor-section-full_width elementor-section-height-default elementor-section-height-default\" data-id=\"91edbf5\" data-element_type=\"section\" data-settings=\"{&quot;stretch_section&quot;:&quot;section-stretched&quot;}\">\n\t\t\t\t\t\t<div class=\"elementor-container elementor-column-gap-no\">\n\t\t\t\t\t<div class=\"elementor-column elementor-col-100 elementor-top-column elementor-element elementor-element-26df68e\" data-id=\"26df68e\" data-element_type=\"column\">\n\t\t\t<div class=\"elementor-widget-wrap elementor-element-populated\">\n\t\t\t\t\t\t<div class=\"elementor-element elementor-element-1d72f99 elementor-widget elementor-widget-image\" data-id=\"1d72f99\" data-element_type=\"widget\" data-widget_type=\"image.default\">\n\t\t\t\t<div class=\"elementor-widget-container\">\n\t\t\t\t\t\t\t\t\t\t\t\t\t<img fetchpriority=\"high\" decoding=\"async\" width=\"2400\" height=\"500\" src=\"https:\/\/cnc-happe.de\/wp-content\/uploads\/2020\/06\/Banner-Gera\u0308tebau-oben.jpg\" class=\"attachment-full size-full wp-image-982\" alt=\"\" srcset=\"https:\/\/cnc-happe.de\/wp-content\/uploads\/2020\/06\/Banner-Gera\u0308tebau-oben.jpg 2400w, https:\/\/cnc-happe.de\/wp-content\/uploads\/2020\/06\/Banner-Gera\u0308tebau-oben-300x63.jpg 300w, https:\/\/cnc-happe.de\/wp-content\/uploads\/2020\/06\/Banner-Gera\u0308tebau-oben-1024x213.jpg 1024w, https:\/\/cnc-happe.de\/wp-content\/uploads\/2020\/06\/Banner-Gera\u0308tebau-oben-768x160.jpg 768w, https:\/\/cnc-happe.de\/wp-content\/uploads\/2020\/06\/Banner-Gera\u0308tebau-oben-1536x320.jpg 1536w, https:\/\/cnc-happe.de\/wp-content\/uploads\/2020\/06\/Banner-Gera\u0308tebau-oben-2048x427.jpg 2048w\" sizes=\"(max-width: 2400px) 100vw, 2400px\" \/>\t\t\t\t\t\t\t\t\t\t\t\t\t<\/div>\n\t\t\t\t<\/div>\n\t\t\t\t\t<\/div>\n\t\t<\/div>\n\t\t\t\t\t<\/div>\n\t\t<\/section>\n\t\t\t\t<section class=\"elementor-section elementor-top-section elementor-element elementor-element-ea213c1 elementor-section-stretched elementor-section-full_width elementor-section-height-default elementor-section-height-default\" data-id=\"ea213c1\" data-element_type=\"section\" data-settings=\"{&quot;stretch_section&quot;:&quot;section-stretched&quot;,&quot;background_background&quot;:&quot;classic&quot;}\">\n\t\t\t\t\t\t<div class=\"elementor-container elementor-column-gap-no\">\n\t\t\t\t\t<div class=\"elementor-column elementor-col-16 elementor-top-column elementor-element elementor-element-130e490 elementor-hidden-phone\" data-id=\"130e490\" data-element_type=\"column\">\n\t\t\t<div class=\"elementor-widget-wrap elementor-element-populated\">\n\t\t\t\t\t\t<div class=\"elementor-element elementor-element-980aca9 elementor-widget elementor-widget-image\" data-id=\"980aca9\" data-element_type=\"widget\" data-widget_type=\"image.default\">\n\t\t\t\t<div class=\"elementor-widget-container\">\n\t\t\t\t\t\t\t\t\t\t\t\t\t<img decoding=\"async\" width=\"700\" height=\"2119\" src=\"https:\/\/cnc-happe.de\/wp-content\/uploads\/2020\/06\/Banner-Gera\u0308tebau-links.png\" class=\"attachment-full size-full wp-image-1004\" alt=\"\" srcset=\"https:\/\/cnc-happe.de\/wp-content\/uploads\/2020\/06\/Banner-Gera\u0308tebau-links.png 700w, https:\/\/cnc-happe.de\/wp-content\/uploads\/2020\/06\/Banner-Gera\u0308tebau-links-99x300.png 99w, https:\/\/cnc-happe.de\/wp-content\/uploads\/2020\/06\/Banner-Gera\u0308tebau-links-338x1024.png 338w, https:\/\/cnc-happe.de\/wp-content\/uploads\/2020\/06\/Banner-Gera\u0308tebau-links-507x1536.png 507w, https:\/\/cnc-happe.de\/wp-content\/uploads\/2020\/06\/Banner-Gera\u0308tebau-links-677x2048.png 677w\" sizes=\"(max-width: 700px) 100vw, 700px\" \/>\t\t\t\t\t\t\t\t\t\t\t\t\t<\/div>\n\t\t\t\t<\/div>\n\t\t\t\t\t<\/div>\n\t\t<\/div>\n\t\t\t\t<div class=\"elementor-column elementor-col-66 elementor-top-column elementor-element elementor-element-fc99f5f\" data-id=\"fc99f5f\" data-element_type=\"column\">\n\t\t\t<div class=\"elementor-widget-wrap elementor-element-populated\">\n\t\t\t\t\t\t<section class=\"elementor-section elementor-inner-section elementor-element elementor-element-84593f9 elementor-section-boxed elementor-section-height-default elementor-section-height-default\" data-id=\"84593f9\" data-element_type=\"section\">\n\t\t\t\t\t\t<div class=\"elementor-container elementor-column-gap-default\">\n\t\t\t\t\t<div class=\"elementor-column elementor-col-100 elementor-inner-column elementor-element elementor-element-cd464f3\" data-id=\"cd464f3\" data-element_type=\"column\">\n\t\t\t<div class=\"elementor-widget-wrap elementor-element-populated\">\n\t\t\t\t\t\t<div class=\"elementor-element elementor-element-16a9203 elementor-widget elementor-widget-heading\" data-id=\"16a9203\" data-element_type=\"widget\" data-widget_type=\"heading.default\">\n\t\t\t\t<div class=\"elementor-widget-container\">\n\t\t\t<h1 class=\"elementor-heading-title elementor-size-default\">Ger\u00e4tebau<\/h1>\t\t<\/div>\n\t\t\t\t<\/div>\n\t\t\t\t\t<\/div>\n\t\t<\/div>\n\t\t\t\t\t<\/div>\n\t\t<\/section>\n\t\t\t\t<div class=\"elementor-element elementor-element-703cc1c elementor-widget elementor-widget-text-editor\" data-id=\"703cc1c\" data-element_type=\"widget\" data-widget_type=\"text-editor.default\">\n\t\t\t\t<div class=\"elementor-widget-container\">\n\t\t\t\t\t\t\t<p>Die Ger\u00e4tetechnik ist ein Fachgebiet, bei der mehrere unterschiedliche Fachgebiete ineinandergreifen. Nur durch die interdisziplin\u00e4ren L\u00f6sungsans\u00e4tze lassen sich W\u00fcnsche der Kunden datailliert umsetzen. Die Ger\u00e4tetechnik umfasst mehrere Teilgebiete, z.B. Elektronik, Optik und Mechanik. Die elektrischen, mechanischen, elektromechanischen und thermischen Anforderungen sowie die hohe Zuverl\u00e4ssigkeit und Umweltgerechtigkeit m\u00fcssen bereits in der Planungsphase des Produktes ber\u00fccksichtigt werden.<\/p>\n<p>Nicht nur f\u00fcr die in Einzelfertigung hergestellten Dreh- und Fr\u00e4steile, sondern auch f\u00fcr die komplette Fertigung Ihrer Baugruppe sind wir Ihr kompetenter Partner.<\/p><p>Wir entwickeln elektronische Systeme und Baugruppen nach Ihren Vorgaben bis zur Serienreife.<br>Mit unserem Kooperationspartner bieten wir Ihnen:<\/p>\t\t\t\t\t\t<\/div>\n\t\t\t\t<\/div>\n\t\t\t\t<div class=\"elementor-element elementor-element-d53ae8b elementor-icon-list--layout-traditional elementor-list-item-link-full_width elementor-widget elementor-widget-icon-list\" data-id=\"d53ae8b\" data-element_type=\"widget\" data-widget_type=\"icon-list.default\">\n\t\t\t\t<div class=\"elementor-widget-container\">\n\t\t\t\t\t<ul class=\"elementor-icon-list-items\">\n\t\t\t\t\t\t\t<li class=\"elementor-icon-list-item\">\n\t\t\t\t\t\t\t\t\t\t\t<span class=\"elementor-icon-list-icon\">\n\t\t\t\t\t\t\t<i aria-hidden=\"true\" class=\"fas fa-circle\"><\/i>\t\t\t\t\t\t<\/span>\n\t\t\t\t\t\t\t\t\t\t<span class=\"elementor-icon-list-text\">Erstellung und Pr\u00fcfung des Pflichtenheftes<\/span>\n\t\t\t\t\t\t\t\t\t<\/li>\n\t\t\t\t\t\t\t\t<li class=\"elementor-icon-list-item\">\n\t\t\t\t\t\t\t\t\t\t\t<span class=\"elementor-icon-list-icon\">\n\t\t\t\t\t\t\t<i aria-hidden=\"true\" class=\"fas fa-circle\"><\/i>\t\t\t\t\t\t<\/span>\n\t\t\t\t\t\t\t\t\t\t<span class=\"elementor-icon-list-text\">Entwicklung von Schaltungs- und Systemkonzepten<\/span>\n\t\t\t\t\t\t\t\t\t<\/li>\n\t\t\t\t\t\t\t\t<li class=\"elementor-icon-list-item\">\n\t\t\t\t\t\t\t\t\t\t\t<span class=\"elementor-icon-list-icon\">\n\t\t\t\t\t\t\t<i aria-hidden=\"true\" class=\"fas fa-circle\"><\/i>\t\t\t\t\t\t<\/span>\n\t\t\t\t\t\t\t\t\t\t<span class=\"elementor-icon-list-text\">Schaltungsberechnung, -design und -simulation<\/span>\n\t\t\t\t\t\t\t\t\t<\/li>\n\t\t\t\t\t\t\t\t<li class=\"elementor-icon-list-item\">\n\t\t\t\t\t\t\t\t\t\t\t<span class=\"elementor-icon-list-icon\">\n\t\t\t\t\t\t\t<i aria-hidden=\"true\" class=\"fas fa-circle\"><\/i>\t\t\t\t\t\t<\/span>\n\t\t\t\t\t\t\t\t\t\t<span class=\"elementor-icon-list-text\">Erstellung von Leiterplattenlayouts<\/span>\n\t\t\t\t\t\t\t\t\t<\/li>\n\t\t\t\t\t\t\t\t<li class=\"elementor-icon-list-item\">\n\t\t\t\t\t\t\t\t\t\t\t<span class=\"elementor-icon-list-icon\">\n\t\t\t\t\t\t\t<i aria-hidden=\"true\" class=\"fas fa-circle\"><\/i>\t\t\t\t\t\t<\/span>\n\t\t\t\t\t\t\t\t\t\t<span class=\"elementor-icon-list-text\">Prototypenbau \/ Serienfertigung<\/span>\n\t\t\t\t\t\t\t\t\t<\/li>\n\t\t\t\t\t\t\t\t<li class=\"elementor-icon-list-item\">\n\t\t\t\t\t\t\t\t\t\t\t<span class=\"elementor-icon-list-icon\">\n\t\t\t\t\t\t\t<i aria-hidden=\"true\" class=\"fas fa-circle\"><\/i>\t\t\t\t\t\t<\/span>\n\t\t\t\t\t\t\t\t\t\t<span class=\"elementor-icon-list-text\">Softwareentwicklung f\u00fcr Microcontroller(chips)<\/span>\n\t\t\t\t\t\t\t\t\t<\/li>\n\t\t\t\t\t\t\t\t<li class=\"elementor-icon-list-item\">\n\t\t\t\t\t\t\t\t\t\t\t<span class=\"elementor-icon-list-icon\">\n\t\t\t\t\t\t\t<i aria-hidden=\"true\" class=\"fas fa-circle\"><\/i>\t\t\t\t\t\t<\/span>\n\t\t\t\t\t\t\t\t\t\t<span class=\"elementor-icon-list-text\">Durchf\u00fchrung vom EMV-Pr\u00fcfungen<\/span>\n\t\t\t\t\t\t\t\t\t<\/li>\n\t\t\t\t\t\t\t\t<li class=\"elementor-icon-list-item\">\n\t\t\t\t\t\t\t\t\t\t\t<span class=\"elementor-icon-list-icon\">\n\t\t\t\t\t\t\t<i aria-hidden=\"true\" class=\"fas fa-circle\"><\/i>\t\t\t\t\t\t<\/span>\n\t\t\t\t\t\t\t\t\t\t<span class=\"elementor-icon-list-text\">Erstellung der Fertigungsdokumente<\/span>\n\t\t\t\t\t\t\t\t\t<\/li>\n\t\t\t\t\t\t\t\t<li class=\"elementor-icon-list-item\">\n\t\t\t\t\t\t\t\t\t\t\t<span class=\"elementor-icon-list-icon\">\n\t\t\t\t\t\t\t<i aria-hidden=\"true\" class=\"fas fa-circle\"><\/i>\t\t\t\t\t\t<\/span>\n\t\t\t\t\t\t\t\t\t\t<span class=\"elementor-icon-list-text\">Erstellung von Bedienungs-, Montage- und Serviceanleitungen<\/span>\n\t\t\t\t\t\t\t\t\t<\/li>\n\t\t\t\t\t\t\t\t<li class=\"elementor-icon-list-item\">\n\t\t\t\t\t\t\t\t\t\t\t<span class=\"elementor-icon-list-icon\">\n\t\t\t\t\t\t\t<i aria-hidden=\"true\" class=\"fas fa-circle\"><\/i>\t\t\t\t\t\t<\/span>\n\t\t\t\t\t\t\t\t\t\t<span class=\"elementor-icon-list-text\">Redesign<\/span>\n\t\t\t\t\t\t\t\t\t<\/li>\n\t\t\t\t\t\t<\/ul>\n\t\t\t\t<\/div>\n\t\t\t\t<\/div>\n\t\t\t\t<div class=\"elementor-element elementor-element-01b95be elementor-absolute elementor-hidden-tablet elementor-hidden-phone elementor-widget elementor-widget-image\" data-id=\"01b95be\" data-element_type=\"widget\" data-settings=\"{&quot;_position&quot;:&quot;absolute&quot;}\" data-widget_type=\"image.default\">\n\t\t\t\t<div class=\"elementor-widget-container\">\n\t\t\t\t\t\t\t\t\t\t\t\t\t<img decoding=\"async\" width=\"1\" height=\"1\" src=\"https:\/\/cnc-happe.de\/wp-content\/uploads\/2019\/06\/Streifen-flach.svg\" class=\"attachment-large size-large wp-image-158\" alt=\"\" \/>\t\t\t\t\t\t\t\t\t\t\t\t\t<\/div>\n\t\t\t\t<\/div>\n\t\t\t\t<div class=\"elementor-element elementor-element-7629894 elementor-widget elementor-widget-image\" data-id=\"7629894\" data-element_type=\"widget\" data-widget_type=\"image.default\">\n\t\t\t\t<div class=\"elementor-widget-container\">\n\t\t\t\t\t\t\t\t\t\t\t\t\t<img loading=\"lazy\" decoding=\"async\" width=\"2083\" height=\"2083\" src=\"https:\/\/cnc-happe.de\/wp-content\/uploads\/2020\/07\/Venn-Diagramm.png\" class=\"attachment-full size-full wp-image-1130\" alt=\"\" srcset=\"https:\/\/cnc-happe.de\/wp-content\/uploads\/2020\/07\/Venn-Diagramm.png 2083w, https:\/\/cnc-happe.de\/wp-content\/uploads\/2020\/07\/Venn-Diagramm-300x300.png 300w, https:\/\/cnc-happe.de\/wp-content\/uploads\/2020\/07\/Venn-Diagramm-1024x1024.png 1024w, https:\/\/cnc-happe.de\/wp-content\/uploads\/2020\/07\/Venn-Diagramm-150x150.png 150w, https:\/\/cnc-happe.de\/wp-content\/uploads\/2020\/07\/Venn-Diagramm-768x768.png 768w, https:\/\/cnc-happe.de\/wp-content\/uploads\/2020\/07\/Venn-Diagramm-1536x1536.png 1536w, https:\/\/cnc-happe.de\/wp-content\/uploads\/2020\/07\/Venn-Diagramm-2048x2048.png 2048w\" sizes=\"(max-width: 2083px) 100vw, 2083px\" \/>\t\t\t\t\t\t\t\t\t\t\t\t\t<\/div>\n\t\t\t\t<\/div>\n\t\t\t\t<div class=\"elementor-element elementor-element-ec6a30e elementor-widget elementor-widget-spacer\" data-id=\"ec6a30e\" data-element_type=\"widget\" data-widget_type=\"spacer.default\">\n\t\t\t\t<div class=\"elementor-widget-container\">\n\t\t\t\t\t<div class=\"elementor-spacer\">\n\t\t\t<div class=\"elementor-spacer-inner\"><\/div>\n\t\t<\/div>\n\t\t\t\t<\/div>\n\t\t\t\t<\/div>\n\t\t\t\t\t<\/div>\n\t\t<\/div>\n\t\t\t\t<div class=\"elementor-column elementor-col-16 elementor-top-column elementor-element elementor-element-6e9549d\" data-id=\"6e9549d\" data-element_type=\"column\">\n\t\t\t<div class=\"elementor-widget-wrap elementor-element-populated\">\n\t\t\t\t\t\t<div class=\"elementor-element elementor-element-b9b2394 elementor-widget elementor-widget-image\" data-id=\"b9b2394\" data-element_type=\"widget\" data-widget_type=\"image.default\">\n\t\t\t\t<div class=\"elementor-widget-container\">\n\t\t\t\t\t\t\t\t\t\t\t\t\t<img loading=\"lazy\" decoding=\"async\" width=\"467\" height=\"1467\" src=\"https:\/\/cnc-happe.de\/wp-content\/uploads\/2020\/11\/Banner-Gera\u0308tebau-rechts.png\" class=\"attachment-full size-full wp-image-1273\" alt=\"\" srcset=\"https:\/\/cnc-happe.de\/wp-content\/uploads\/2020\/11\/Banner-Gera\u0308tebau-rechts.png 467w, https:\/\/cnc-happe.de\/wp-content\/uploads\/2020\/11\/Banner-Gera\u0308tebau-rechts-326x1024.png 326w\" sizes=\"(max-width: 467px) 100vw, 467px\" \/>\t\t\t\t\t\t\t\t\t\t\t\t\t<\/div>\n\t\t\t\t<\/div>\n\t\t\t\t\t<\/div>\n\t\t<\/div>\n\t\t\t\t\t<\/div>\n\t\t<\/section>\n\t\t\t\t<\/div>","protected":false},"excerpt":{"rendered":"<p>Ger\u00e4tebau Die Ger\u00e4tetechnik ist ein Fachgebiet, bei der mehrere unterschiedliche Fachgebiete ineinandergreifen. Nur durch die interdisziplin\u00e4ren L\u00f6sungsans\u00e4tze lassen sich W\u00fcnsche der Kunden datailliert umsetzen. Die Ger\u00e4tetechnik umfasst mehrere Teilgebiete, z.B. Elektronik, Optik und Mechanik. Die elektrischen, mechanischen, elektromechanischen und thermischen Anforderungen sowie die hohe Zuverl\u00e4ssigkeit und Umweltgerechtigkeit m\u00fcssen bereits in der Planungsphase des Produktes ber\u00fccksichtigt [&hellip;]<\/p>","protected":false},"author":1,"featured_media":0,"parent":0,"menu_order":0,"comment_status":"closed","ping_status":"closed","template":"","meta":{"inline_featured_image":false,"site-sidebar-layout":"no-sidebar","site-content-layout":"page-builder","ast-site-content-layout":"default","site-content-style":"default","site-sidebar-style":"default","ast-global-header-display":"","ast-banner-title-visibility":"","ast-main-header-display":"","ast-hfb-above-header-display":"","ast-hfb-below-header-display":"","ast-hfb-mobile-header-display":"","site-post-title":"disabled","ast-breadcrumbs-content":"","ast-featured-img":"disabled","footer-sml-layout":"","ast-disable-related-posts":"","theme-transparent-header-meta":"default","adv-header-id-meta":"","stick-header-meta":"","header-above-stick-meta":"","header-main-stick-meta":"","header-below-stick-meta":"","astra-migrate-meta-layouts":"default","ast-page-background-enabled":"default","ast-page-background-meta":{"desktop":{"background-color":"","background-image":"","background-repeat":"repeat","background-position":"center center","background-size":"auto","background-attachment":"scroll","background-type":"","background-media":"","overlay-type":"","overlay-color":"","overlay-opacity":"","overlay-gradient":""},"tablet":{"background-color":"","background-image":"","background-repeat":"repeat","background-position":"center center","background-size":"auto","background-attachment":"scroll","background-type":"","background-media":"","overlay-type":"","overlay-color":"","overlay-opacity":"","overlay-gradient":""},"mobile":{"background-color":"","background-image":"","background-repeat":"repeat","background-position":"center center","background-size":"auto","background-attachment":"scroll","background-type":"","background-media":"","overlay-type":"","overlay-color":"","overlay-opacity":"","overlay-gradient":""}},"ast-content-background-meta":{"desktop":{"background-color":"var(--ast-global-color-5)","background-image":"","background-repeat":"repeat","background-position":"center center","background-size":"auto","background-attachment":"scroll","background-type":"","background-media":"","overlay-type":"","overlay-color":"","overlay-opacity":"","overlay-gradient":""},"tablet":{"background-color":"var(--ast-global-color-5)","background-image":"","background-repeat":"repeat","background-position":"center center","background-size":"auto","background-attachment":"scroll","background-type":"","background-media":"","overlay-type":"","overlay-color":"","overlay-opacity":"","overlay-gradient":""},"mobile":{"background-color":"var(--ast-global-color-5)","background-image":"","background-repeat":"repeat","background-position":"center center","background-size":"auto","background-attachment":"scroll","background-type":"","background-media":"","overlay-type":"","overlay-color":"","overlay-opacity":"","overlay-gradient":""}},"footnotes":""},"class_list":["post-778","page","type-page","status-publish","hentry"],"yoast_head":"<!-- This site is optimized with the Yoast SEO plugin v27.3 - https:\/\/yoast.com\/product\/yoast-seo-wordpress\/ -->\n<title>Ger\u00e4tebau - CNC-Happe<\/title>\n<meta name=\"robots\" content=\"index, follow, max-snippet:-1, max-image-preview:large, max-video-preview:-1\" \/>\n<link rel=\"canonical\" href=\"https:\/\/cnc-happe.de\/en\/geraetebau\/\" \/>\n<meta property=\"og:locale\" content=\"en_GB\" \/>\n<meta property=\"og:type\" content=\"article\" \/>\n<meta property=\"og:title\" content=\"Ger\u00e4tebau - CNC-Happe\" \/>\n<meta property=\"og:description\" content=\"Ger\u00e4tebau Die Ger\u00e4tetechnik ist ein Fachgebiet, bei der mehrere unterschiedliche Fachgebiete ineinandergreifen. Nur durch die interdisziplin\u00e4ren L\u00f6sungsans\u00e4tze lassen sich W\u00fcnsche der Kunden datailliert umsetzen. Die Ger\u00e4tetechnik umfasst mehrere Teilgebiete, z.B. Elektronik, Optik und Mechanik. Die elektrischen, mechanischen, elektromechanischen und thermischen Anforderungen sowie die hohe Zuverl\u00e4ssigkeit und Umweltgerechtigkeit m\u00fcssen bereits in der Planungsphase des Produktes ber\u00fccksichtigt [&hellip;]\" \/>\n<meta property=\"og:url\" content=\"https:\/\/cnc-happe.de\/en\/geraetebau\/\" \/>\n<meta property=\"og:site_name\" content=\"CNC-Happe\" \/>\n<meta property=\"article:modified_time\" content=\"2020-11-19T13:29:17+00:00\" \/>\n<meta property=\"og:image\" content=\"https:\/\/cnc-happe.de\/wp-content\/uploads\/2020\/06\/Banner-Gera\u0308tebau-oben.jpg\" \/>\n<meta name=\"twitter:card\" content=\"summary_large_image\" \/>\n<meta name=\"twitter:label1\" content=\"Estimated reading time\" \/>\n\t<meta name=\"twitter:data1\" content=\"1 minute\" \/>\n<script type=\"application\/ld+json\" class=\"yoast-schema-graph\">{\"@context\":\"https:\\\/\\\/schema.org\",\"@graph\":[{\"@type\":\"WebPage\",\"@id\":\"https:\\\/\\\/cnc-happe.de\\\/geraetebau\",\"url\":\"https:\\\/\\\/cnc-happe.de\\\/geraetebau\",\"name\":\"Ger\u00e4tebau - CNC-Happe\",\"isPartOf\":{\"@id\":\"https:\\\/\\\/cnc-happe.de\\\/#website\"},\"primaryImageOfPage\":{\"@id\":\"https:\\\/\\\/cnc-happe.de\\\/geraetebau#primaryimage\"},\"image\":{\"@id\":\"https:\\\/\\\/cnc-happe.de\\\/geraetebau#primaryimage\"},\"thumbnailUrl\":\"https:\\\/\\\/cnc-happe.de\\\/wp-content\\\/uploads\\\/2019\\\/06\\\/Streifen-flach.svg\",\"datePublished\":\"2020-06-09T11:19:08+00:00\",\"dateModified\":\"2020-11-19T13:29:17+00:00\",\"breadcrumb\":{\"@id\":\"https:\\\/\\\/cnc-happe.de\\\/geraetebau#breadcrumb\"},\"inLanguage\":\"en-GB\",\"potentialAction\":[{\"@type\":\"ReadAction\",\"target\":[\"https:\\\/\\\/cnc-happe.de\\\/geraetebau\"]}]},{\"@type\":\"ImageObject\",\"inLanguage\":\"en-GB\",\"@id\":\"https:\\\/\\\/cnc-happe.de\\\/geraetebau#primaryimage\",\"url\":\"https:\\\/\\\/cnc-happe.de\\\/wp-content\\\/uploads\\\/2019\\\/06\\\/Streifen-flach.svg\",\"contentUrl\":\"https:\\\/\\\/cnc-happe.de\\\/wp-content\\\/uploads\\\/2019\\\/06\\\/Streifen-flach.svg\"},{\"@type\":\"BreadcrumbList\",\"@id\":\"https:\\\/\\\/cnc-happe.de\\\/geraetebau#breadcrumb\",\"itemListElement\":[{\"@type\":\"ListItem\",\"position\":1,\"name\":\"Startseite\",\"item\":\"https:\\\/\\\/cnc-happe.de\\\/\"},{\"@type\":\"ListItem\",\"position\":2,\"name\":\"Ger\u00e4tebau\"}]},{\"@type\":\"WebSite\",\"@id\":\"https:\\\/\\\/cnc-happe.de\\\/#website\",\"url\":\"https:\\\/\\\/cnc-happe.de\\\/\",\"name\":\"CNC-Happe\",\"description\":\"\",\"publisher\":{\"@id\":\"https:\\\/\\\/cnc-happe.de\\\/#organization\"},\"potentialAction\":[{\"@type\":\"SearchAction\",\"target\":{\"@type\":\"EntryPoint\",\"urlTemplate\":\"https:\\\/\\\/cnc-happe.de\\\/?s={search_term_string}\"},\"query-input\":{\"@type\":\"PropertyValueSpecification\",\"valueRequired\":true,\"valueName\":\"search_term_string\"}}],\"inLanguage\":\"en-GB\"},{\"@type\":\"Organization\",\"@id\":\"https:\\\/\\\/cnc-happe.de\\\/#organization\",\"name\":\"CNC-Technik Happe GmbH\",\"url\":\"https:\\\/\\\/cnc-happe.de\\\/\",\"logo\":{\"@type\":\"ImageObject\",\"inLanguage\":\"en-GB\",\"@id\":\"https:\\\/\\\/cnc-happe.de\\\/#\\\/schema\\\/logo\\\/image\\\/\",\"url\":\"https:\\\/\\\/cnc-happe.de\\\/wp-content\\\/uploads\\\/2019\\\/06\\\/Logo-einzeln.svg\",\"contentUrl\":\"https:\\\/\\\/cnc-happe.de\\\/wp-content\\\/uploads\\\/2019\\\/06\\\/Logo-einzeln.svg\",\"width\":410.772,\"height\":143.33,\"caption\":\"CNC-Technik Happe GmbH\"},\"image\":{\"@id\":\"https:\\\/\\\/cnc-happe.de\\\/#\\\/schema\\\/logo\\\/image\\\/\"}}]}<\/script>\n<!-- \/ Yoast SEO plugin. -->","yoast_head_json":{"title":"Ger\u00e4tebau - CNC-Happe","robots":{"index":"index","follow":"follow","max-snippet":"max-snippet:-1","max-image-preview":"max-image-preview:large","max-video-preview":"max-video-preview:-1"},"canonical":"https:\/\/cnc-happe.de\/en\/geraetebau\/","og_locale":"en_GB","og_type":"article","og_title":"Ger\u00e4tebau - CNC-Happe","og_description":"Ger\u00e4tebau Die Ger\u00e4tetechnik ist ein Fachgebiet, bei der mehrere unterschiedliche Fachgebiete ineinandergreifen. Nur durch die interdisziplin\u00e4ren L\u00f6sungsans\u00e4tze lassen sich W\u00fcnsche der Kunden datailliert umsetzen. Die Ger\u00e4tetechnik umfasst mehrere Teilgebiete, z.B. Elektronik, Optik und Mechanik. Die elektrischen, mechanischen, elektromechanischen und thermischen Anforderungen sowie die hohe Zuverl\u00e4ssigkeit und Umweltgerechtigkeit m\u00fcssen bereits in der Planungsphase des Produktes ber\u00fccksichtigt [&hellip;]","og_url":"https:\/\/cnc-happe.de\/en\/geraetebau\/","og_site_name":"CNC-Happe","article_modified_time":"2020-11-19T13:29:17+00:00","og_image":[{"url":"https:\/\/cnc-happe.de\/wp-content\/uploads\/2020\/06\/Banner-Gera\u0308tebau-oben.jpg","type":"","width":"","height":""}],"twitter_card":"summary_large_image","twitter_misc":{"Estimated reading time":"1 minute"},"schema":{"@context":"https:\/\/schema.org","@graph":[{"@type":"WebPage","@id":"https:\/\/cnc-happe.de\/geraetebau","url":"https:\/\/cnc-happe.de\/geraetebau","name":"Ger\u00e4tebau - CNC-Happe","isPartOf":{"@id":"https:\/\/cnc-happe.de\/#website"},"primaryImageOfPage":{"@id":"https:\/\/cnc-happe.de\/geraetebau#primaryimage"},"image":{"@id":"https:\/\/cnc-happe.de\/geraetebau#primaryimage"},"thumbnailUrl":"https:\/\/cnc-happe.de\/wp-content\/uploads\/2019\/06\/Streifen-flach.svg","datePublished":"2020-06-09T11:19:08+00:00","dateModified":"2020-11-19T13:29:17+00:00","breadcrumb":{"@id":"https:\/\/cnc-happe.de\/geraetebau#breadcrumb"},"inLanguage":"en-GB","potentialAction":[{"@type":"ReadAction","target":["https:\/\/cnc-happe.de\/geraetebau"]}]},{"@type":"ImageObject","inLanguage":"en-GB","@id":"https:\/\/cnc-happe.de\/geraetebau#primaryimage","url":"https:\/\/cnc-happe.de\/wp-content\/uploads\/2019\/06\/Streifen-flach.svg","contentUrl":"https:\/\/cnc-happe.de\/wp-content\/uploads\/2019\/06\/Streifen-flach.svg"},{"@type":"BreadcrumbList","@id":"https:\/\/cnc-happe.de\/geraetebau#breadcrumb","itemListElement":[{"@type":"ListItem","position":1,"name":"Startseite","item":"https:\/\/cnc-happe.de\/"},{"@type":"ListItem","position":2,"name":"Ger\u00e4tebau"}]},{"@type":"WebSite","@id":"https:\/\/cnc-happe.de\/#website","url":"https:\/\/cnc-happe.de\/","name":"CNC-Happe","description":"","publisher":{"@id":"https:\/\/cnc-happe.de\/#organization"},"potentialAction":[{"@type":"SearchAction","target":{"@type":"EntryPoint","urlTemplate":"https:\/\/cnc-happe.de\/?s={search_term_string}"},"query-input":{"@type":"PropertyValueSpecification","valueRequired":true,"valueName":"search_term_string"}}],"inLanguage":"en-GB"},{"@type":"Organization","@id":"https:\/\/cnc-happe.de\/#organization","name":"CNC-Technik Happe GmbH","url":"https:\/\/cnc-happe.de\/","logo":{"@type":"ImageObject","inLanguage":"en-GB","@id":"https:\/\/cnc-happe.de\/#\/schema\/logo\/image\/","url":"https:\/\/cnc-happe.de\/wp-content\/uploads\/2019\/06\/Logo-einzeln.svg","contentUrl":"https:\/\/cnc-happe.de\/wp-content\/uploads\/2019\/06\/Logo-einzeln.svg","width":410.772,"height":143.33,"caption":"CNC-Technik Happe GmbH"},"image":{"@id":"https:\/\/cnc-happe.de\/#\/schema\/logo\/image\/"}}]}},"_links":{"self":[{"href":"https:\/\/cnc-happe.de\/en\/wp-json\/wp\/v2\/pages\/778","targetHints":{"allow":["GET"]}}],"collection":[{"href":"https:\/\/cnc-happe.de\/en\/wp-json\/wp\/v2\/pages"}],"about":[{"href":"https:\/\/cnc-happe.de\/en\/wp-json\/wp\/v2\/types\/page"}],"author":[{"embeddable":true,"href":"https:\/\/cnc-happe.de\/en\/wp-json\/wp\/v2\/users\/1"}],"replies":[{"embeddable":true,"href":"https:\/\/cnc-happe.de\/en\/wp-json\/wp\/v2\/comments?post=778"}],"version-history":[{"count":34,"href":"https:\/\/cnc-happe.de\/en\/wp-json\/wp\/v2\/pages\/778\/revisions"}],"predecessor-version":[{"id":1276,"href":"https:\/\/cnc-happe.de\/en\/wp-json\/wp\/v2\/pages\/778\/revisions\/1276"}],"wp:attachment":[{"href":"https:\/\/cnc-happe.de\/en\/wp-json\/wp\/v2\/media?parent=778"}],"curies":[{"name":"wp","href":"https:\/\/api.w.org\/{rel}","templated":true}]}}