{"id":645,"date":"2020-06-02T13:17:05","date_gmt":"2020-06-02T13:17:05","guid":{"rendered":"https:\/\/cnc-happe.de\/?page_id=645"},"modified":"2020-09-17T12:09:12","modified_gmt":"2020-09-17T12:09:12","slug":"dreh-fraesen","status":"publish","type":"page","link":"https:\/\/cnc-happe.de\/en\/dreh-fraesen","title":{"rendered":"Dreh-Fr\u00e4sen"},"content":{"rendered":"<div data-elementor-type=\"wp-page\" data-elementor-id=\"645\" class=\"elementor elementor-645\">\n\t\t\t\t\t\t<section class=\"elementor-section elementor-top-section elementor-element elementor-element-91edbf5 elementor-section-stretched elementor-section-full_width elementor-section-height-default elementor-section-height-default\" data-id=\"91edbf5\" data-element_type=\"section\" data-settings=\"{&quot;stretch_section&quot;:&quot;section-stretched&quot;}\">\n\t\t\t\t\t\t<div class=\"elementor-container elementor-column-gap-no\">\n\t\t\t\t\t<div class=\"elementor-column elementor-col-100 elementor-top-column elementor-element elementor-element-26df68e\" data-id=\"26df68e\" data-element_type=\"column\">\n\t\t\t<div class=\"elementor-widget-wrap elementor-element-populated\">\n\t\t\t\t\t\t<div class=\"elementor-element elementor-element-1d72f99 elementor-widget elementor-widget-image\" data-id=\"1d72f99\" data-element_type=\"widget\" data-widget_type=\"image.default\">\n\t\t\t\t<div class=\"elementor-widget-container\">\n\t\t\t\t\t\t\t\t\t\t\t\t\t<img fetchpriority=\"high\" decoding=\"async\" width=\"2400\" height=\"500\" src=\"https:\/\/cnc-happe.de\/wp-content\/uploads\/2020\/06\/Banner-Dreh-Fra\u0308sen-oben.jpg\" class=\"attachment-full size-full wp-image-956\" alt=\"\" srcset=\"https:\/\/cnc-happe.de\/wp-content\/uploads\/2020\/06\/Banner-Dreh-Fra\u0308sen-oben.jpg 2400w, https:\/\/cnc-happe.de\/wp-content\/uploads\/2020\/06\/Banner-Dreh-Fra\u0308sen-oben-300x63.jpg 300w, https:\/\/cnc-happe.de\/wp-content\/uploads\/2020\/06\/Banner-Dreh-Fra\u0308sen-oben-1024x213.jpg 1024w, https:\/\/cnc-happe.de\/wp-content\/uploads\/2020\/06\/Banner-Dreh-Fra\u0308sen-oben-768x160.jpg 768w, https:\/\/cnc-happe.de\/wp-content\/uploads\/2020\/06\/Banner-Dreh-Fra\u0308sen-oben-1536x320.jpg 1536w, https:\/\/cnc-happe.de\/wp-content\/uploads\/2020\/06\/Banner-Dreh-Fra\u0308sen-oben-2048x427.jpg 2048w\" sizes=\"(max-width: 2400px) 100vw, 2400px\" \/>\t\t\t\t\t\t\t\t\t\t\t\t\t<\/div>\n\t\t\t\t<\/div>\n\t\t\t\t\t<\/div>\n\t\t<\/div>\n\t\t\t\t\t<\/div>\n\t\t<\/section>\n\t\t\t\t<section class=\"elementor-section elementor-top-section elementor-element elementor-element-ea213c1 elementor-section-stretched elementor-section-full_width elementor-section-height-default elementor-section-height-default\" data-id=\"ea213c1\" data-element_type=\"section\" data-settings=\"{&quot;stretch_section&quot;:&quot;section-stretched&quot;,&quot;background_background&quot;:&quot;classic&quot;}\">\n\t\t\t\t\t\t<div class=\"elementor-container elementor-column-gap-no\">\n\t\t\t\t\t<div class=\"elementor-column elementor-col-16 elementor-top-column elementor-element elementor-element-130e490 elementor-hidden-phone\" data-id=\"130e490\" data-element_type=\"column\">\n\t\t\t<div class=\"elementor-widget-wrap elementor-element-populated\">\n\t\t\t\t\t\t<div class=\"elementor-element elementor-element-52b5aaa elementor-widget elementor-widget-image\" data-id=\"52b5aaa\" data-element_type=\"widget\" data-widget_type=\"image.default\">\n\t\t\t\t<div class=\"elementor-widget-container\">\n\t\t\t\t\t\t\t\t\t\t\t\t\t<img decoding=\"async\" width=\"467\" height=\"2067\" src=\"https:\/\/cnc-happe.de\/wp-content\/uploads\/2020\/09\/Banner-Dreh-Fra\u0308sen-links.png\" class=\"attachment-full size-full wp-image-1232\" alt=\"\" srcset=\"https:\/\/cnc-happe.de\/wp-content\/uploads\/2020\/09\/Banner-Dreh-Fra\u0308sen-links.png 467w, https:\/\/cnc-happe.de\/wp-content\/uploads\/2020\/09\/Banner-Dreh-Fra\u0308sen-links-68x300.png 68w, https:\/\/cnc-happe.de\/wp-content\/uploads\/2020\/09\/Banner-Dreh-Fra\u0308sen-links-347x1536.png 347w, https:\/\/cnc-happe.de\/wp-content\/uploads\/2020\/09\/Banner-Dreh-Fra\u0308sen-links-463x2048.png 463w\" sizes=\"(max-width: 467px) 100vw, 467px\" \/>\t\t\t\t\t\t\t\t\t\t\t\t\t<\/div>\n\t\t\t\t<\/div>\n\t\t\t\t\t<\/div>\n\t\t<\/div>\n\t\t\t\t<div class=\"elementor-column elementor-col-66 elementor-top-column elementor-element elementor-element-fc99f5f\" data-id=\"fc99f5f\" data-element_type=\"column\">\n\t\t\t<div class=\"elementor-widget-wrap elementor-element-populated\">\n\t\t\t\t\t\t<section class=\"elementor-section elementor-inner-section elementor-element elementor-element-9e91569 elementor-section-boxed elementor-section-height-default elementor-section-height-default\" data-id=\"9e91569\" data-element_type=\"section\">\n\t\t\t\t\t\t<div class=\"elementor-container elementor-column-gap-default\">\n\t\t\t\t\t<div class=\"elementor-column elementor-col-100 elementor-inner-column elementor-element elementor-element-b0e4c25\" data-id=\"b0e4c25\" data-element_type=\"column\">\n\t\t\t<div class=\"elementor-widget-wrap elementor-element-populated\">\n\t\t\t\t\t\t<div class=\"elementor-element elementor-element-a066d01 elementor-widget elementor-widget-heading\" data-id=\"a066d01\" data-element_type=\"widget\" data-widget_type=\"heading.default\">\n\t\t\t\t<div class=\"elementor-widget-container\">\n\t\t\t<h1 class=\"elementor-heading-title elementor-size-default\">Drehen und<\/h1>\t\t<\/div>\n\t\t\t\t<\/div>\n\t\t\t\t<div class=\"elementor-element elementor-element-8060e41 elementor-widget elementor-widget-heading\" data-id=\"8060e41\" data-element_type=\"widget\" data-widget_type=\"heading.default\">\n\t\t\t\t<div class=\"elementor-widget-container\">\n\t\t\t<h1 class=\"elementor-heading-title elementor-size-default\">Dreh-Fr\u00e4sen<\/h1>\t\t<\/div>\n\t\t\t\t<\/div>\n\t\t\t\t\t<\/div>\n\t\t<\/div>\n\t\t\t\t\t<\/div>\n\t\t<\/section>\n\t\t\t\t<div class=\"elementor-element elementor-element-3188c76 elementor-widget elementor-widget-text-editor\" data-id=\"3188c76\" data-element_type=\"widget\" data-widget_type=\"text-editor.default\">\n\t\t\t\t<div class=\"elementor-widget-container\">\n\t\t\t\t\t\t\t<p><span data-sheets-formula-bar-text-style=\"font-size:15px;color:#000000;font-weight:normal;text-decoration:none;font-family:'docs-Calibri';font-style:normal;text-decoration-skip-ink:none;\"><span data-sheets-formula-bar-text-style=\"font-size:15px;color:#000000;font-weight:normal;text-decoration:none;font-family:'docs-Calibri';font-style:normal;text-decoration-skip-ink:none;\"><span data-sheets-formula-bar-text-style=\"font-size:15px;color:#000000;font-weight:normal;text-decoration:none;font-family:'docs-Calibri';font-style:normal;text-decoration-skip-ink:none;\">Die neuen Multifunktions-Maschinen bieten Vielseitigkeit und Leistungsf\u00e4higkeit sowie eine extreme Vielfalt an Werkst\u00fcckanforderungen.<\/span><\/span><\/span><br \/>Die Mehrseitenbearbeitung oder die Bearbeitung komplexer Konturen k\u00f6nnen in einer Aufspannung an einer einzigen Maschine ausgef\u00fchrt werden.<\/p>\t\t\t\t\t\t<\/div>\n\t\t\t\t<\/div>\n\t\t\t\t<section class=\"elementor-section elementor-inner-section elementor-element elementor-element-05f5bba elementor-section-boxed elementor-section-height-default elementor-section-height-default\" data-id=\"05f5bba\" data-element_type=\"section\">\n\t\t\t\t\t\t<div class=\"elementor-container elementor-column-gap-default\">\n\t\t\t\t\t<div class=\"elementor-column elementor-col-100 elementor-inner-column elementor-element elementor-element-255763b\" data-id=\"255763b\" data-element_type=\"column\">\n\t\t\t<div class=\"elementor-widget-wrap elementor-element-populated\">\n\t\t\t\t\t\t<div class=\"elementor-element elementor-element-0e427b5 elementor-widget elementor-widget-heading\" data-id=\"0e427b5\" data-element_type=\"widget\" data-widget_type=\"heading.default\">\n\t\t\t\t<div class=\"elementor-widget-container\">\n\t\t\t<h2 class=\"elementor-heading-title elementor-size-default\">Verzahnungen<\/h2>\t\t<\/div>\n\t\t\t\t<\/div>\n\t\t\t\t\t<\/div>\n\t\t<\/div>\n\t\t\t\t\t<\/div>\n\t\t<\/section>\n\t\t\t\t<div class=\"elementor-element elementor-element-862f0c2 elementor-absolute elementor-hidden-tablet elementor-hidden-phone elementor-widget elementor-widget-image\" data-id=\"862f0c2\" data-element_type=\"widget\" data-settings=\"{&quot;_position&quot;:&quot;absolute&quot;}\" data-widget_type=\"image.default\">\n\t\t\t\t<div class=\"elementor-widget-container\">\n\t\t\t\t\t\t\t\t\t\t\t\t\t<img decoding=\"async\" width=\"1\" height=\"1\" src=\"https:\/\/cnc-happe.de\/wp-content\/uploads\/2019\/06\/Streifen-flach.svg\" class=\"attachment-large size-large wp-image-158\" alt=\"\" \/>\t\t\t\t\t\t\t\t\t\t\t\t\t<\/div>\n\t\t\t\t<\/div>\n\t\t\t\t\t<\/div>\n\t\t<\/div>\n\t\t\t\t<div class=\"elementor-column elementor-col-16 elementor-top-column elementor-element elementor-element-6e9549d\" data-id=\"6e9549d\" data-element_type=\"column\">\n\t\t\t<div class=\"elementor-widget-wrap elementor-element-populated\">\n\t\t\t\t\t\t<div class=\"elementor-element elementor-element-8e0b432 elementor-widget elementor-widget-image\" data-id=\"8e0b432\" data-element_type=\"widget\" data-widget_type=\"image.default\">\n\t\t\t\t<div class=\"elementor-widget-container\">\n\t\t\t\t\t\t\t\t\t\t\t\t\t<img loading=\"lazy\" decoding=\"async\" width=\"350\" height=\"1200\" src=\"https:\/\/cnc-happe.de\/wp-content\/uploads\/2020\/09\/Banner-Dreh-Fra\u0308sen-rechts.png\" class=\"attachment-full size-full wp-image-1225\" alt=\"\" srcset=\"https:\/\/cnc-happe.de\/wp-content\/uploads\/2020\/09\/Banner-Dreh-Fra\u0308sen-rechts.png 350w, https:\/\/cnc-happe.de\/wp-content\/uploads\/2020\/09\/Banner-Dreh-Fra\u0308sen-rechts-299x1024.png 299w\" sizes=\"(max-width: 350px) 100vw, 350px\" \/>\t\t\t\t\t\t\t\t\t\t\t\t\t<\/div>\n\t\t\t\t<\/div>\n\t\t\t\t\t<\/div>\n\t\t<\/div>\n\t\t\t\t\t<\/div>\n\t\t<\/section>\n\t\t\t\t<\/div>","protected":false},"excerpt":{"rendered":"<p>Drehen und Dreh-Fr\u00e4sen Die neuen Multifunktions-Maschinen bieten Vielseitigkeit und Leistungsf\u00e4higkeit sowie eine extreme Vielfalt an Werkst\u00fcckanforderungen.Die Mehrseitenbearbeitung oder die Bearbeitung komplexer Konturen k\u00f6nnen in einer Aufspannung an einer einzigen Maschine ausgef\u00fchrt werden. Verzahnungen<\/p>","protected":false},"author":1,"featured_media":0,"parent":0,"menu_order":0,"comment_status":"closed","ping_status":"closed","template":"","meta":{"inline_featured_image":false,"site-sidebar-layout":"no-sidebar","site-content-layout":"page-builder","ast-site-content-layout":"default","site-content-style":"default","site-sidebar-style":"default","ast-global-header-display":"","ast-banner-title-visibility":"","ast-main-header-display":"","ast-hfb-above-header-display":"","ast-hfb-below-header-display":"","ast-hfb-mobile-header-display":"","site-post-title":"disabled","ast-breadcrumbs-content":"","ast-featured-img":"disabled","footer-sml-layout":"","ast-disable-related-posts":"","theme-transparent-header-meta":"default","adv-header-id-meta":"","stick-header-meta":"","header-above-stick-meta":"","header-main-stick-meta":"","header-below-stick-meta":"","astra-migrate-meta-layouts":"default","ast-page-background-enabled":"default","ast-page-background-meta":{"desktop":{"background-color":"","background-image":"","background-repeat":"repeat","background-position":"center center","background-size":"auto","background-attachment":"scroll","background-type":"","background-media":"","overlay-type":"","overlay-color":"","overlay-opacity":"","overlay-gradient":""},"tablet":{"background-color":"","background-image":"","background-repeat":"repeat","background-position":"center center","background-size":"auto","background-attachment":"scroll","background-type":"","background-media":"","overlay-type":"","overlay-color":"","overlay-opacity":"","overlay-gradient":""},"mobile":{"background-color":"","background-image":"","background-repeat":"repeat","background-position":"center center","background-size":"auto","background-attachment":"scroll","background-type":"","background-media":"","overlay-type":"","overlay-color":"","overlay-opacity":"","overlay-gradient":""}},"ast-content-background-meta":{"desktop":{"background-color":"var(--ast-global-color-5)","background-image":"","background-repeat":"repeat","background-position":"center center","background-size":"auto","background-attachment":"scroll","background-type":"","background-media":"","overlay-type":"","overlay-color":"","overlay-opacity":"","overlay-gradient":""},"tablet":{"background-color":"var(--ast-global-color-5)","background-image":"","background-repeat":"repeat","background-position":"center center","background-size":"auto","background-attachment":"scroll","background-type":"","background-media":"","overlay-type":"","overlay-color":"","overlay-opacity":"","overlay-gradient":""},"mobile":{"background-color":"var(--ast-global-color-5)","background-image":"","background-repeat":"repeat","background-position":"center center","background-size":"auto","background-attachment":"scroll","background-type":"","background-media":"","overlay-type":"","overlay-color":"","overlay-opacity":"","overlay-gradient":""}},"footnotes":""},"class_list":["post-645","page","type-page","status-publish","hentry"],"yoast_head":"<!-- This site is optimized with the Yoast SEO plugin v27.3 - https:\/\/yoast.com\/product\/yoast-seo-wordpress\/ -->\n<title>Dreh-Fr\u00e4sen - CNC-Happe<\/title>\n<meta name=\"robots\" content=\"index, follow, max-snippet:-1, max-image-preview:large, max-video-preview:-1\" \/>\n<link rel=\"canonical\" href=\"https:\/\/cnc-happe.de\/en\/dreh-fraesen\/\" \/>\n<meta property=\"og:locale\" content=\"en_GB\" \/>\n<meta property=\"og:type\" content=\"article\" \/>\n<meta property=\"og:title\" content=\"Dreh-Fr\u00e4sen - CNC-Happe\" \/>\n<meta property=\"og:description\" content=\"Drehen und Dreh-Fr\u00e4sen Die neuen Multifunktions-Maschinen bieten Vielseitigkeit und Leistungsf\u00e4higkeit sowie eine extreme Vielfalt an Werkst\u00fcckanforderungen.Die Mehrseitenbearbeitung oder die Bearbeitung komplexer Konturen k\u00f6nnen in einer Aufspannung an einer einzigen Maschine ausgef\u00fchrt werden. Verzahnungen\" \/>\n<meta property=\"og:url\" content=\"https:\/\/cnc-happe.de\/en\/dreh-fraesen\/\" \/>\n<meta property=\"og:site_name\" content=\"CNC-Happe\" \/>\n<meta property=\"article:modified_time\" content=\"2020-09-17T12:09:12+00:00\" \/>\n<meta property=\"og:image\" content=\"https:\/\/cnc-happe.de\/wp-content\/uploads\/2020\/06\/Banner-Dreh-Fra\u0308sen-oben.jpg\" \/>\n<meta name=\"twitter:card\" content=\"summary_large_image\" \/>\n<script type=\"application\/ld+json\" class=\"yoast-schema-graph\">{\"@context\":\"https:\\\/\\\/schema.org\",\"@graph\":[{\"@type\":\"WebPage\",\"@id\":\"https:\\\/\\\/cnc-happe.de\\\/dreh-fraesen\",\"url\":\"https:\\\/\\\/cnc-happe.de\\\/dreh-fraesen\",\"name\":\"Dreh-Fr\u00e4sen - CNC-Happe\",\"isPartOf\":{\"@id\":\"https:\\\/\\\/cnc-happe.de\\\/#website\"},\"primaryImageOfPage\":{\"@id\":\"https:\\\/\\\/cnc-happe.de\\\/dreh-fraesen#primaryimage\"},\"image\":{\"@id\":\"https:\\\/\\\/cnc-happe.de\\\/dreh-fraesen#primaryimage\"},\"thumbnailUrl\":\"https:\\\/\\\/cnc-happe.de\\\/wp-content\\\/uploads\\\/2019\\\/06\\\/Streifen-flach.svg\",\"datePublished\":\"2020-06-02T13:17:05+00:00\",\"dateModified\":\"2020-09-17T12:09:12+00:00\",\"breadcrumb\":{\"@id\":\"https:\\\/\\\/cnc-happe.de\\\/dreh-fraesen#breadcrumb\"},\"inLanguage\":\"en-GB\",\"potentialAction\":[{\"@type\":\"ReadAction\",\"target\":[\"https:\\\/\\\/cnc-happe.de\\\/dreh-fraesen\"]}]},{\"@type\":\"ImageObject\",\"inLanguage\":\"en-GB\",\"@id\":\"https:\\\/\\\/cnc-happe.de\\\/dreh-fraesen#primaryimage\",\"url\":\"https:\\\/\\\/cnc-happe.de\\\/wp-content\\\/uploads\\\/2019\\\/06\\\/Streifen-flach.svg\",\"contentUrl\":\"https:\\\/\\\/cnc-happe.de\\\/wp-content\\\/uploads\\\/2019\\\/06\\\/Streifen-flach.svg\"},{\"@type\":\"BreadcrumbList\",\"@id\":\"https:\\\/\\\/cnc-happe.de\\\/dreh-fraesen#breadcrumb\",\"itemListElement\":[{\"@type\":\"ListItem\",\"position\":1,\"name\":\"Startseite\",\"item\":\"https:\\\/\\\/cnc-happe.de\\\/\"},{\"@type\":\"ListItem\",\"position\":2,\"name\":\"Dreh-Fr\u00e4sen\"}]},{\"@type\":\"WebSite\",\"@id\":\"https:\\\/\\\/cnc-happe.de\\\/#website\",\"url\":\"https:\\\/\\\/cnc-happe.de\\\/\",\"name\":\"CNC-Happe\",\"description\":\"\",\"publisher\":{\"@id\":\"https:\\\/\\\/cnc-happe.de\\\/#organization\"},\"potentialAction\":[{\"@type\":\"SearchAction\",\"target\":{\"@type\":\"EntryPoint\",\"urlTemplate\":\"https:\\\/\\\/cnc-happe.de\\\/?s={search_term_string}\"},\"query-input\":{\"@type\":\"PropertyValueSpecification\",\"valueRequired\":true,\"valueName\":\"search_term_string\"}}],\"inLanguage\":\"en-GB\"},{\"@type\":\"Organization\",\"@id\":\"https:\\\/\\\/cnc-happe.de\\\/#organization\",\"name\":\"CNC-Technik Happe GmbH\",\"url\":\"https:\\\/\\\/cnc-happe.de\\\/\",\"logo\":{\"@type\":\"ImageObject\",\"inLanguage\":\"en-GB\",\"@id\":\"https:\\\/\\\/cnc-happe.de\\\/#\\\/schema\\\/logo\\\/image\\\/\",\"url\":\"https:\\\/\\\/cnc-happe.de\\\/wp-content\\\/uploads\\\/2019\\\/06\\\/Logo-einzeln.svg\",\"contentUrl\":\"https:\\\/\\\/cnc-happe.de\\\/wp-content\\\/uploads\\\/2019\\\/06\\\/Logo-einzeln.svg\",\"width\":410.772,\"height\":143.33,\"caption\":\"CNC-Technik Happe GmbH\"},\"image\":{\"@id\":\"https:\\\/\\\/cnc-happe.de\\\/#\\\/schema\\\/logo\\\/image\\\/\"}}]}<\/script>\n<!-- \/ Yoast SEO plugin. -->","yoast_head_json":{"title":"Dreh-Fr\u00e4sen - CNC-Happe","robots":{"index":"index","follow":"follow","max-snippet":"max-snippet:-1","max-image-preview":"max-image-preview:large","max-video-preview":"max-video-preview:-1"},"canonical":"https:\/\/cnc-happe.de\/en\/dreh-fraesen\/","og_locale":"en_GB","og_type":"article","og_title":"Dreh-Fr\u00e4sen - CNC-Happe","og_description":"Drehen und Dreh-Fr\u00e4sen Die neuen Multifunktions-Maschinen bieten Vielseitigkeit und Leistungsf\u00e4higkeit sowie eine extreme Vielfalt an Werkst\u00fcckanforderungen.Die Mehrseitenbearbeitung oder die Bearbeitung komplexer Konturen k\u00f6nnen in einer Aufspannung an einer einzigen Maschine ausgef\u00fchrt werden. Verzahnungen","og_url":"https:\/\/cnc-happe.de\/en\/dreh-fraesen\/","og_site_name":"CNC-Happe","article_modified_time":"2020-09-17T12:09:12+00:00","og_image":[{"url":"https:\/\/cnc-happe.de\/wp-content\/uploads\/2020\/06\/Banner-Dreh-Fra\u0308sen-oben.jpg","type":"","width":"","height":""}],"twitter_card":"summary_large_image","schema":{"@context":"https:\/\/schema.org","@graph":[{"@type":"WebPage","@id":"https:\/\/cnc-happe.de\/dreh-fraesen","url":"https:\/\/cnc-happe.de\/dreh-fraesen","name":"Dreh-Fr\u00e4sen - CNC-Happe","isPartOf":{"@id":"https:\/\/cnc-happe.de\/#website"},"primaryImageOfPage":{"@id":"https:\/\/cnc-happe.de\/dreh-fraesen#primaryimage"},"image":{"@id":"https:\/\/cnc-happe.de\/dreh-fraesen#primaryimage"},"thumbnailUrl":"https:\/\/cnc-happe.de\/wp-content\/uploads\/2019\/06\/Streifen-flach.svg","datePublished":"2020-06-02T13:17:05+00:00","dateModified":"2020-09-17T12:09:12+00:00","breadcrumb":{"@id":"https:\/\/cnc-happe.de\/dreh-fraesen#breadcrumb"},"inLanguage":"en-GB","potentialAction":[{"@type":"ReadAction","target":["https:\/\/cnc-happe.de\/dreh-fraesen"]}]},{"@type":"ImageObject","inLanguage":"en-GB","@id":"https:\/\/cnc-happe.de\/dreh-fraesen#primaryimage","url":"https:\/\/cnc-happe.de\/wp-content\/uploads\/2019\/06\/Streifen-flach.svg","contentUrl":"https:\/\/cnc-happe.de\/wp-content\/uploads\/2019\/06\/Streifen-flach.svg"},{"@type":"BreadcrumbList","@id":"https:\/\/cnc-happe.de\/dreh-fraesen#breadcrumb","itemListElement":[{"@type":"ListItem","position":1,"name":"Startseite","item":"https:\/\/cnc-happe.de\/"},{"@type":"ListItem","position":2,"name":"Dreh-Fr\u00e4sen"}]},{"@type":"WebSite","@id":"https:\/\/cnc-happe.de\/#website","url":"https:\/\/cnc-happe.de\/","name":"CNC-Happe","description":"","publisher":{"@id":"https:\/\/cnc-happe.de\/#organization"},"potentialAction":[{"@type":"SearchAction","target":{"@type":"EntryPoint","urlTemplate":"https:\/\/cnc-happe.de\/?s={search_term_string}"},"query-input":{"@type":"PropertyValueSpecification","valueRequired":true,"valueName":"search_term_string"}}],"inLanguage":"en-GB"},{"@type":"Organization","@id":"https:\/\/cnc-happe.de\/#organization","name":"CNC-Technik Happe GmbH","url":"https:\/\/cnc-happe.de\/","logo":{"@type":"ImageObject","inLanguage":"en-GB","@id":"https:\/\/cnc-happe.de\/#\/schema\/logo\/image\/","url":"https:\/\/cnc-happe.de\/wp-content\/uploads\/2019\/06\/Logo-einzeln.svg","contentUrl":"https:\/\/cnc-happe.de\/wp-content\/uploads\/2019\/06\/Logo-einzeln.svg","width":410.772,"height":143.33,"caption":"CNC-Technik Happe GmbH"},"image":{"@id":"https:\/\/cnc-happe.de\/#\/schema\/logo\/image\/"}}]}},"_links":{"self":[{"href":"https:\/\/cnc-happe.de\/en\/wp-json\/wp\/v2\/pages\/645","targetHints":{"allow":["GET"]}}],"collection":[{"href":"https:\/\/cnc-happe.de\/en\/wp-json\/wp\/v2\/pages"}],"about":[{"href":"https:\/\/cnc-happe.de\/en\/wp-json\/wp\/v2\/types\/page"}],"author":[{"embeddable":true,"href":"https:\/\/cnc-happe.de\/en\/wp-json\/wp\/v2\/users\/1"}],"replies":[{"embeddable":true,"href":"https:\/\/cnc-happe.de\/en\/wp-json\/wp\/v2\/comments?post=645"}],"version-history":[{"count":35,"href":"https:\/\/cnc-happe.de\/en\/wp-json\/wp\/v2\/pages\/645\/revisions"}],"predecessor-version":[{"id":1233,"href":"https:\/\/cnc-happe.de\/en\/wp-json\/wp\/v2\/pages\/645\/revisions\/1233"}],"wp:attachment":[{"href":"https:\/\/cnc-happe.de\/en\/wp-json\/wp\/v2\/media?parent=645"}],"curies":[{"name":"wp","href":"https:\/\/api.w.org\/{rel}","templated":true}]}}