{"id":190,"date":"2019-06-14T06:35:17","date_gmt":"2019-06-14T06:35:17","guid":{"rendered":"https:\/\/cnc-happe.de\/?page_id=190"},"modified":"2024-03-04T14:25:01","modified_gmt":"2024-03-04T14:25:01","slug":"allgemeine-verkaufsbedingungen","status":"publish","type":"page","link":"https:\/\/cnc-happe.de\/en\/allgemeine-verkaufsbedingungen","title":{"rendered":"Allgemeine Verkaufsbedingungen"},"content":{"rendered":"<div data-elementor-type=\"wp-post\" data-elementor-id=\"190\" class=\"elementor elementor-190\">\n\t\t\t\t\t\t<section class=\"elementor-section elementor-top-section elementor-element elementor-element-b00630e elementor-section-stretched elementor-section-full_width elementor-section-height-default elementor-section-height-default\" data-id=\"b00630e\" data-element_type=\"section\" data-settings=\"{&quot;stretch_section&quot;:&quot;section-stretched&quot;,&quot;background_background&quot;:&quot;classic&quot;}\">\n\t\t\t\t\t\t<div class=\"elementor-container elementor-column-gap-no\">\n\t\t\t\t\t<div class=\"elementor-column elementor-col-16 elementor-top-column elementor-element elementor-element-edf498e elementor-hidden-phone\" data-id=\"edf498e\" data-element_type=\"column\">\n\t\t\t<div class=\"elementor-widget-wrap\">\n\t\t\t\t\t\t\t<\/div>\n\t\t<\/div>\n\t\t\t\t<div class=\"elementor-column elementor-col-66 elementor-top-column elementor-element elementor-element-336ec86\" data-id=\"336ec86\" data-element_type=\"column\">\n\t\t\t<div class=\"elementor-widget-wrap elementor-element-populated\">\n\t\t\t\t\t\t<section class=\"elementor-section elementor-inner-section elementor-element elementor-element-52aa2db elementor-section-boxed elementor-section-height-default elementor-section-height-default\" data-id=\"52aa2db\" data-element_type=\"section\">\n\t\t\t\t\t\t<div class=\"elementor-container elementor-column-gap-default\">\n\t\t\t\t\t<div class=\"elementor-column elementor-col-100 elementor-inner-column elementor-element elementor-element-295e15c\" data-id=\"295e15c\" data-element_type=\"column\">\n\t\t\t<div class=\"elementor-widget-wrap elementor-element-populated\">\n\t\t\t\t\t\t<div class=\"elementor-element elementor-element-f2c7623 elementor-widget elementor-widget-heading\" data-id=\"f2c7623\" data-element_type=\"widget\" data-widget_type=\"heading.default\">\n\t\t\t\t<div class=\"elementor-widget-container\">\n\t\t\t<h1 class=\"elementor-heading-title elementor-size-default\">Allgemeine Verkaufsbedingungen<\/h1>\t\t<\/div>\n\t\t\t\t<\/div>\n\t\t\t\t<div class=\"elementor-element elementor-element-b17520c elementor-widget elementor-widget-heading\" data-id=\"b17520c\" data-element_type=\"widget\" data-widget_type=\"heading.default\">\n\t\t\t\t<div class=\"elementor-widget-container\">\n\t\t\t<h1 class=\"elementor-heading-title elementor-size-default\">der CNC-Technik Happe GmbH<\/h1>\t\t<\/div>\n\t\t\t\t<\/div>\n\t\t\t\t\t<\/div>\n\t\t<\/div>\n\t\t\t\t\t<\/div>\n\t\t<\/section>\n\t\t\t\t<div class=\"elementor-element elementor-element-8dcd2cf elementor-widget elementor-widget-text-editor\" data-id=\"8dcd2cf\" data-element_type=\"widget\" data-widget_type=\"text-editor.default\">\n\t\t\t\t<div class=\"elementor-widget-container\">\n\t\t\t\t\t\t\t<p>Wir best\u00e4tigen Ihre Bestellung unter der ausschlie\u00dflichen Geltung unserer auf der R\u00fcckseite abgedruckten Allgemeinen Verkaufsbedingungen.<\/p><h2>1. Geltung<\/h2><p>(1) Diese Verkaufsbedingungen gelten ausschlie\u00dflich. Abweichende oder entgegenstehende Bedingungen werden von uns nicht anerkannt, sofern wir diesen nicht ausdr\u00fccklich schriftlich zugestimmt haben.<br \/>(2) Diese Verkaufsbedingungen gelten auch f\u00fcr alle zuk\u00fcnftigen Gesch\u00e4fte zwischen den Parteien sowie auch dann, wenn wir in Kenntnis abweichender oder entgegenstehender Bedingungen die Lieferung der Ware durchf\u00fchren.<br \/>(3) Diese Allgemeinen Verkaufsbedingungen gelten nur gegen\u00fcber Unternehmern, juristischen Personen des \u00f6ffentlichen Rechts oder \u00f6ffentlich-rechtlichen Sonderverm\u00f6gen im Sinne von \u00a7 310 Abs. 1 BGB.<\/p><h2>2. Angebot, Annahme<\/h2><p>Sofern die Bestellung ein Angebot im Sinne von \u00a7 145 BGB darstellt, sind wir berechtigt, dieses innerhalb einer Frist von zwei Wochen anzunehmen.<\/p><h2>3. Preise, Zahlung<\/h2><p>(1) Unsere Preise verstehen sich ab Werk, zuz\u00fcglich der jeweiligen gesetzlichen Umsatzsteuer und ausschlie\u00dflich der Kosten f\u00fcr Verpackung, soweit nicht ausdr\u00fccklich anders vereinbart.<br \/>(2) Der Kaufpreis ist innerhalb von 30 Tagen ab Rechnungsstellung netto zur Zahlung f\u00e4llig. Nach F\u00e4lligkeit werden Verzugszinsen in H\u00f6he von 9\u2009% \u00fcber dem jeweiligen Basiszinssatz p. a. berechnet. Die Geltendmachung eines weitergehenden Verzugsschadens behalten wir uns vor.<\/p><h2>4. Aufrechnung, Zur\u00fcckbehaltung<\/h2><p>Der K\u00e4ufer ist zur Aufrechnung nur berechtigt, insoweit seine Gegenanspr\u00fcche unbestritten oder rechtskr\u00e4ftig festgestellt sind. Zur Geltendmachung von Zur\u00fcckbehaltungsrechten ist der K\u00e4ufer nur aufgrund von Gegenanspr\u00fcchen aus dem gleichen Vertragsverh\u00e4ltnis berechtigt.<\/p><h2>5. Lieferung<\/h2><p>(1) Lieferung setzt die fristgerechte und ordnungsgem\u00e4\u00dfe Erf\u00fcllung der Verpflichtungen des K\u00e4ufers voraus. Die Einrede des nicht erf\u00fcllten Vertrages bleibt vorbehalten.<br \/>(2) Bei Annahmeverzug oder sonstiger schuldhafter Verletzung von Mitwirkungspflichten seitens des K\u00e4ufers sind wir zum Ersatz des daraus entstehenden Schadens, einschlie\u00dflich etwaiger Mehraufwendungen, berechtigt. Weitergehende Anspr\u00fcche bleiben vorbehalten. Die Gefahr des zuf\u00e4lligen Untergangs oder der zuf\u00e4lligen Verschlechterung der Ware geht in diesem Fall mit dem Zeitpunkt des Annahmeverzugs oder der sonstigen Verletzung von Mitwirkungspflichten auf den K\u00e4ufer \u00fcber.<\/p><h2>6. Gefahr\u00fcbergang, Versendung<\/h2><p>Bei Versendung der Ware auf Wunsch des K\u00e4ufers geht die Gefahr des zuf\u00e4lligen Untergangs und der zuf\u00e4lligen Verschlechterung der Ware im Zeitpunkt der Absendung auf den K\u00e4ufer \u00fcber.<\/p><h2>7. \u00a7 7 Eigentumsvorbehalt<\/h2><p>(1) Bis zum vollst\u00e4ndigen Eingang aller Zahlungen verbleibt die Ware in unserem Eigentum. Bei Vertragsverletzungen des K\u00e4ufers, einschlie\u00dflich Zahlungsverzug, sind wir berechtigt, die Ware zur\u00fcckzunehmen.<br \/>(2) Der K\u00e4ufer hat die Ware pfleglich zu behandeln, angemessen zu versichern und, soweit erforderlich, zu warten.<br \/>(3) Soweit der Kaufpreis nicht vollst\u00e4ndig bezahlt ist, hat der K\u00e4ufer uns unverz\u00fcglich schriftlich davon in Kenntnis zu setzen, wenn die Ware mit Rechten Dritter belastet oder sonstigen Eingriffen Dritter ausgesetzt wird.<br \/>(4) Der K\u00e4ufer ist zur Weiterver\u00e4u\u00dferung der unter Eigentumsvorbehalt stehenden Ware im gew\u00f6hnlichen Gesch\u00e4ftsverkehr berechtigt. In diesem Falle tritt er jedoch bereits jetzt alle Forderungen aus einer solchen Weiterver\u00e4u\u00dferung, gleich ob diese vor oder nach einer evtl. Verarbeitung der unter Eigentumsvorbehalt gelieferten Ware erfolgt, an uns ab. Unbesehen unserer Befugnis, die Forderung selbst einzuziehen, bleibt der K\u00e4ufer auch nach der Abtretung zum Einzug der Forderung erm\u00e4chtigt. In diesem Zusammenhang verpflichten wir uns, die Forderung nicht einzuziehen, solange und soweit der K\u00e4ufer seinen Zahlungsverpflichtungen nachkommt, kein Antrag auf Er\u00f6ffnung eines Insolvenz- oder \u00e4hnlichen Verfahrens gestellt ist und keine Zahlungseinstellung vorliegt.<br \/>(5) Insoweit die oben genannten Sicherheiten die zu sichernden Forderungen um mehr als 10\u2009% \u00fcbersteigen, sind wir verpflichtet, die Sicherheiten nach unserer Auswahl auf Verlangen des K\u00e4ufers freizugeben.<\/p><h2>8. Gew\u00e4hrleistung<\/h2><p>(1) Voraussetzung f\u00fcr jegliche Gew\u00e4hrleistungsrechte des K\u00e4ufers ist dessen ordnungsgem\u00e4\u00dfe Erf\u00fcllung aller nach \u00a7 377 HGB geschuldeten Untersuchungs- und R\u00fcgeobliegenheiten.<br \/>(2) Gew\u00e4hrleistungsanspr\u00fcche k\u00f6nnen innerhalb von 12 Monaten nach Gefahr\u00fcbergang geltend gemacht werden.<br \/>(3) Bei M\u00e4ngeln der Ware hat der K\u00e4ufer ein Recht auf Nacherf\u00fcllung in Form der Mangelbeseitigung oder Lieferung einer mangelfreien Sache. Bei Fehlschlagen der Nacherf\u00fcllung ist der K\u00e4ufer berechtigt, den Kaufpreis zu mindern oder vom Vertrag zur\u00fcckzutreten.<\/p><h2>9. Haftung<\/h2><p>(1) Im Falle von Vorsatz oder grober Fahrl\u00e4ssigkeit unsererseits oder von Seiten unserer Vertreter oder Erf\u00fcllungsgehilfen haften wir nach den gesetzlichen Regeln; ebenso bei schuldhafter Verletzung von wesentlichen Vertragspflichten. Soweit keine vors\u00e4tzliche Vertragsverletzung vorliegt, ist unsere Schadensersatzhaftung auf den vorhersehbaren, typischerweise eintretenden Schaden begrenzt.<br \/>(2) Die Haftung wegen schuldhafter Verletzung des Lebens, des K\u00f6rpers oder der Gesundheit sowie die Haftung nach dem Produkthaftungsgesetz bleiben unber\u00fchrt.<br \/>(3) Soweit vorstehend nicht ausdr\u00fccklich anders geregelt, ist unsere Haftung ausgeschlossen.<\/p><h2>10. Anwendbares Recht, Gerichtsstand<\/h2><p>(1) Dieser Vertrag unterliegt dem Recht der Bundesrepublik Deutschland (unter Ausschluss des UN-Kaufrechts).<br \/>(2) Erf\u00fcllungsort sowie ausschlie\u00dflicher Gerichtsstand f\u00fcr alle Streitigkeiten aus oder im Zusammenhang mit diesem Vertrag ist der Gesch\u00e4ftssitz der CNC-Technik HAPPE GmbH.<\/p><p>Arnstadt, im Juni 2019<\/p>\t\t\t\t\t\t<\/div>\n\t\t\t\t<\/div>\n\t\t\t\t<div class=\"elementor-element elementor-element-eb7f485 elementor-absolute elementor-hidden-tablet elementor-hidden-phone elementor-widget elementor-widget-image\" data-id=\"eb7f485\" data-element_type=\"widget\" data-settings=\"{&quot;_position&quot;:&quot;absolute&quot;}\" data-widget_type=\"image.default\">\n\t\t\t\t<div class=\"elementor-widget-container\">\n\t\t\t\t\t\t\t\t\t\t\t\t\t<img decoding=\"async\" width=\"1\" height=\"1\" src=\"https:\/\/cnc-happe.de\/wp-content\/uploads\/2019\/06\/Streifen-flach.svg\" class=\"attachment-large size-large wp-image-158\" alt=\"\" \/>\t\t\t\t\t\t\t\t\t\t\t\t\t<\/div>\n\t\t\t\t<\/div>\n\t\t\t\t\t<\/div>\n\t\t<\/div>\n\t\t\t\t<div class=\"elementor-column elementor-col-16 elementor-top-column elementor-element elementor-element-8fd12fa\" data-id=\"8fd12fa\" data-element_type=\"column\">\n\t\t\t<div class=\"elementor-widget-wrap\">\n\t\t\t\t\t\t\t<\/div>\n\t\t<\/div>\n\t\t\t\t\t<\/div>\n\t\t<\/section>\n\t\t\t\t<\/div>","protected":false},"excerpt":{"rendered":"<p>Allgemeine Verkaufsbedingungen der CNC-Technik Happe GmbH Wir best\u00e4tigen Ihre Bestellung unter der ausschlie\u00dflichen Geltung unserer auf der R\u00fcckseite abgedruckten Allgemeinen Verkaufsbedingungen. 1. Geltung (1) Diese Verkaufsbedingungen gelten ausschlie\u00dflich. Abweichende oder entgegenstehende Bedingungen werden von uns nicht anerkannt, sofern wir diesen nicht ausdr\u00fccklich schriftlich zugestimmt haben.(2) Diese Verkaufsbedingungen gelten auch f\u00fcr alle zuk\u00fcnftigen Gesch\u00e4fte zwischen den [&hellip;]<\/p>","protected":false},"author":1,"featured_media":0,"parent":0,"menu_order":0,"comment_status":"closed","ping_status":"closed","template":"","meta":{"inline_featured_image":false,"site-sidebar-layout":"no-sidebar","site-content-layout":"page-builder","ast-site-content-layout":"full-width-container","site-content-style":"unboxed","site-sidebar-style":"unboxed","ast-global-header-display":"","ast-banner-title-visibility":"","ast-main-header-display":"","ast-hfb-above-header-display":"","ast-hfb-below-header-display":"","ast-hfb-mobile-header-display":"","site-post-title":"disabled","ast-breadcrumbs-content":"","ast-featured-img":"disabled","footer-sml-layout":"","ast-disable-related-posts":"","theme-transparent-header-meta":"default","adv-header-id-meta":"","stick-header-meta":"","header-above-stick-meta":"","header-main-stick-meta":"","header-below-stick-meta":"","astra-migrate-meta-layouts":"set","ast-page-background-enabled":"default","ast-page-background-meta":{"desktop":{"background-color":"","background-image":"","background-repeat":"repeat","background-position":"center center","background-size":"auto","background-attachment":"scroll","background-type":"","background-media":"","overlay-type":"","overlay-color":"","overlay-opacity":"","overlay-gradient":""},"tablet":{"background-color":"","background-image":"","background-repeat":"repeat","background-position":"center center","background-size":"auto","background-attachment":"scroll","background-type":"","background-media":"","overlay-type":"","overlay-color":"","overlay-opacity":"","overlay-gradient":""},"mobile":{"background-color":"","background-image":"","background-repeat":"repeat","background-position":"center center","background-size":"auto","background-attachment":"scroll","background-type":"","background-media":"","overlay-type":"","overlay-color":"","overlay-opacity":"","overlay-gradient":""}},"ast-content-background-meta":{"desktop":{"background-color":"var(--ast-global-color-5)","background-image":"","background-repeat":"repeat","background-position":"center center","background-size":"auto","background-attachment":"scroll","background-type":"","background-media":"","overlay-type":"","overlay-color":"","overlay-opacity":"","overlay-gradient":""},"tablet":{"background-color":"var(--ast-global-color-5)","background-image":"","background-repeat":"repeat","background-position":"center center","background-size":"auto","background-attachment":"scroll","background-type":"","background-media":"","overlay-type":"","overlay-color":"","overlay-opacity":"","overlay-gradient":""},"mobile":{"background-color":"var(--ast-global-color-5)","background-image":"","background-repeat":"repeat","background-position":"center center","background-size":"auto","background-attachment":"scroll","background-type":"","background-media":"","overlay-type":"","overlay-color":"","overlay-opacity":"","overlay-gradient":""}},"footnotes":""},"class_list":["post-190","page","type-page","status-publish","hentry"],"yoast_head":"<!-- This site is optimized with the Yoast SEO plugin v27.3 - https:\/\/yoast.com\/product\/yoast-seo-wordpress\/ -->\n<title>Allgemeine Verkaufsbedingungen - CNC-Happe<\/title>\n<meta name=\"robots\" content=\"index, follow, max-snippet:-1, max-image-preview:large, max-video-preview:-1\" \/>\n<link rel=\"canonical\" href=\"https:\/\/cnc-happe.de\/en\/allgemeine-verkaufsbedingungen\/\" \/>\n<meta property=\"og:locale\" content=\"en_GB\" \/>\n<meta property=\"og:type\" content=\"article\" \/>\n<meta property=\"og:title\" content=\"Allgemeine Verkaufsbedingungen - CNC-Happe\" \/>\n<meta property=\"og:description\" content=\"Allgemeine Verkaufsbedingungen der CNC-Technik Happe GmbH Wir best\u00e4tigen Ihre Bestellung unter der ausschlie\u00dflichen Geltung unserer auf der R\u00fcckseite abgedruckten Allgemeinen Verkaufsbedingungen. 1. Geltung (1) Diese Verkaufsbedingungen gelten ausschlie\u00dflich. Abweichende oder entgegenstehende Bedingungen werden von uns nicht anerkannt, sofern wir diesen nicht ausdr\u00fccklich schriftlich zugestimmt haben.(2) Diese Verkaufsbedingungen gelten auch f\u00fcr alle zuk\u00fcnftigen Gesch\u00e4fte zwischen den [&hellip;]\" \/>\n<meta property=\"og:url\" content=\"https:\/\/cnc-happe.de\/en\/allgemeine-verkaufsbedingungen\/\" \/>\n<meta property=\"og:site_name\" content=\"CNC-Happe\" \/>\n<meta property=\"article:modified_time\" content=\"2024-03-04T14:25:01+00:00\" \/>\n<meta property=\"og:image\" content=\"https:\/\/cnc-happe.de\/wp-content\/uploads\/2019\/06\/Streifen-flach.svg\" \/>\n<meta name=\"twitter:card\" content=\"summary_large_image\" \/>\n<meta name=\"twitter:label1\" content=\"Estimated reading time\" \/>\n\t<meta name=\"twitter:data1\" content=\"5 minutes\" \/>\n<script type=\"application\/ld+json\" class=\"yoast-schema-graph\">{\"@context\":\"https:\\\/\\\/schema.org\",\"@graph\":[{\"@type\":\"WebPage\",\"@id\":\"https:\\\/\\\/cnc-happe.de\\\/allgemeine-verkaufsbedingungen\",\"url\":\"https:\\\/\\\/cnc-happe.de\\\/allgemeine-verkaufsbedingungen\",\"name\":\"Allgemeine Verkaufsbedingungen - CNC-Happe\",\"isPartOf\":{\"@id\":\"https:\\\/\\\/cnc-happe.de\\\/#website\"},\"primaryImageOfPage\":{\"@id\":\"https:\\\/\\\/cnc-happe.de\\\/allgemeine-verkaufsbedingungen#primaryimage\"},\"image\":{\"@id\":\"https:\\\/\\\/cnc-happe.de\\\/allgemeine-verkaufsbedingungen#primaryimage\"},\"thumbnailUrl\":\"https:\\\/\\\/cnc-happe.de\\\/wp-content\\\/uploads\\\/2019\\\/06\\\/Streifen-flach.svg\",\"datePublished\":\"2019-06-14T06:35:17+00:00\",\"dateModified\":\"2024-03-04T14:25:01+00:00\",\"breadcrumb\":{\"@id\":\"https:\\\/\\\/cnc-happe.de\\\/allgemeine-verkaufsbedingungen#breadcrumb\"},\"inLanguage\":\"en-GB\",\"potentialAction\":[{\"@type\":\"ReadAction\",\"target\":[\"https:\\\/\\\/cnc-happe.de\\\/allgemeine-verkaufsbedingungen\"]}]},{\"@type\":\"ImageObject\",\"inLanguage\":\"en-GB\",\"@id\":\"https:\\\/\\\/cnc-happe.de\\\/allgemeine-verkaufsbedingungen#primaryimage\",\"url\":\"https:\\\/\\\/cnc-happe.de\\\/wp-content\\\/uploads\\\/2019\\\/06\\\/Streifen-flach.svg\",\"contentUrl\":\"https:\\\/\\\/cnc-happe.de\\\/wp-content\\\/uploads\\\/2019\\\/06\\\/Streifen-flach.svg\"},{\"@type\":\"BreadcrumbList\",\"@id\":\"https:\\\/\\\/cnc-happe.de\\\/allgemeine-verkaufsbedingungen#breadcrumb\",\"itemListElement\":[{\"@type\":\"ListItem\",\"position\":1,\"name\":\"Startseite\",\"item\":\"https:\\\/\\\/cnc-happe.de\\\/\"},{\"@type\":\"ListItem\",\"position\":2,\"name\":\"Allgemeine Verkaufsbedingungen\"}]},{\"@type\":\"WebSite\",\"@id\":\"https:\\\/\\\/cnc-happe.de\\\/#website\",\"url\":\"https:\\\/\\\/cnc-happe.de\\\/\",\"name\":\"CNC-Happe\",\"description\":\"\",\"publisher\":{\"@id\":\"https:\\\/\\\/cnc-happe.de\\\/#organization\"},\"potentialAction\":[{\"@type\":\"SearchAction\",\"target\":{\"@type\":\"EntryPoint\",\"urlTemplate\":\"https:\\\/\\\/cnc-happe.de\\\/?s={search_term_string}\"},\"query-input\":{\"@type\":\"PropertyValueSpecification\",\"valueRequired\":true,\"valueName\":\"search_term_string\"}}],\"inLanguage\":\"en-GB\"},{\"@type\":\"Organization\",\"@id\":\"https:\\\/\\\/cnc-happe.de\\\/#organization\",\"name\":\"CNC-Technik Happe GmbH\",\"url\":\"https:\\\/\\\/cnc-happe.de\\\/\",\"logo\":{\"@type\":\"ImageObject\",\"inLanguage\":\"en-GB\",\"@id\":\"https:\\\/\\\/cnc-happe.de\\\/#\\\/schema\\\/logo\\\/image\\\/\",\"url\":\"https:\\\/\\\/cnc-happe.de\\\/wp-content\\\/uploads\\\/2019\\\/06\\\/Logo-einzeln.svg\",\"contentUrl\":\"https:\\\/\\\/cnc-happe.de\\\/wp-content\\\/uploads\\\/2019\\\/06\\\/Logo-einzeln.svg\",\"width\":410.772,\"height\":143.33,\"caption\":\"CNC-Technik Happe GmbH\"},\"image\":{\"@id\":\"https:\\\/\\\/cnc-happe.de\\\/#\\\/schema\\\/logo\\\/image\\\/\"}}]}<\/script>\n<!-- \/ Yoast SEO plugin. -->","yoast_head_json":{"title":"Allgemeine Verkaufsbedingungen - CNC-Happe","robots":{"index":"index","follow":"follow","max-snippet":"max-snippet:-1","max-image-preview":"max-image-preview:large","max-video-preview":"max-video-preview:-1"},"canonical":"https:\/\/cnc-happe.de\/en\/allgemeine-verkaufsbedingungen\/","og_locale":"en_GB","og_type":"article","og_title":"Allgemeine Verkaufsbedingungen - CNC-Happe","og_description":"Allgemeine Verkaufsbedingungen der CNC-Technik Happe GmbH Wir best\u00e4tigen Ihre Bestellung unter der ausschlie\u00dflichen Geltung unserer auf der R\u00fcckseite abgedruckten Allgemeinen Verkaufsbedingungen. 1. Geltung (1) Diese Verkaufsbedingungen gelten ausschlie\u00dflich. Abweichende oder entgegenstehende Bedingungen werden von uns nicht anerkannt, sofern wir diesen nicht ausdr\u00fccklich schriftlich zugestimmt haben.(2) Diese Verkaufsbedingungen gelten auch f\u00fcr alle zuk\u00fcnftigen Gesch\u00e4fte zwischen den [&hellip;]","og_url":"https:\/\/cnc-happe.de\/en\/allgemeine-verkaufsbedingungen\/","og_site_name":"CNC-Happe","article_modified_time":"2024-03-04T14:25:01+00:00","og_image":[{"url":"https:\/\/cnc-happe.de\/wp-content\/uploads\/2019\/06\/Streifen-flach.svg","type":"","width":"","height":""}],"twitter_card":"summary_large_image","twitter_misc":{"Estimated reading time":"5 minutes"},"schema":{"@context":"https:\/\/schema.org","@graph":[{"@type":"WebPage","@id":"https:\/\/cnc-happe.de\/allgemeine-verkaufsbedingungen","url":"https:\/\/cnc-happe.de\/allgemeine-verkaufsbedingungen","name":"Allgemeine Verkaufsbedingungen - CNC-Happe","isPartOf":{"@id":"https:\/\/cnc-happe.de\/#website"},"primaryImageOfPage":{"@id":"https:\/\/cnc-happe.de\/allgemeine-verkaufsbedingungen#primaryimage"},"image":{"@id":"https:\/\/cnc-happe.de\/allgemeine-verkaufsbedingungen#primaryimage"},"thumbnailUrl":"https:\/\/cnc-happe.de\/wp-content\/uploads\/2019\/06\/Streifen-flach.svg","datePublished":"2019-06-14T06:35:17+00:00","dateModified":"2024-03-04T14:25:01+00:00","breadcrumb":{"@id":"https:\/\/cnc-happe.de\/allgemeine-verkaufsbedingungen#breadcrumb"},"inLanguage":"en-GB","potentialAction":[{"@type":"ReadAction","target":["https:\/\/cnc-happe.de\/allgemeine-verkaufsbedingungen"]}]},{"@type":"ImageObject","inLanguage":"en-GB","@id":"https:\/\/cnc-happe.de\/allgemeine-verkaufsbedingungen#primaryimage","url":"https:\/\/cnc-happe.de\/wp-content\/uploads\/2019\/06\/Streifen-flach.svg","contentUrl":"https:\/\/cnc-happe.de\/wp-content\/uploads\/2019\/06\/Streifen-flach.svg"},{"@type":"BreadcrumbList","@id":"https:\/\/cnc-happe.de\/allgemeine-verkaufsbedingungen#breadcrumb","itemListElement":[{"@type":"ListItem","position":1,"name":"Startseite","item":"https:\/\/cnc-happe.de\/"},{"@type":"ListItem","position":2,"name":"Allgemeine Verkaufsbedingungen"}]},{"@type":"WebSite","@id":"https:\/\/cnc-happe.de\/#website","url":"https:\/\/cnc-happe.de\/","name":"CNC-Happe","description":"","publisher":{"@id":"https:\/\/cnc-happe.de\/#organization"},"potentialAction":[{"@type":"SearchAction","target":{"@type":"EntryPoint","urlTemplate":"https:\/\/cnc-happe.de\/?s={search_term_string}"},"query-input":{"@type":"PropertyValueSpecification","valueRequired":true,"valueName":"search_term_string"}}],"inLanguage":"en-GB"},{"@type":"Organization","@id":"https:\/\/cnc-happe.de\/#organization","name":"CNC-Technik Happe GmbH","url":"https:\/\/cnc-happe.de\/","logo":{"@type":"ImageObject","inLanguage":"en-GB","@id":"https:\/\/cnc-happe.de\/#\/schema\/logo\/image\/","url":"https:\/\/cnc-happe.de\/wp-content\/uploads\/2019\/06\/Logo-einzeln.svg","contentUrl":"https:\/\/cnc-happe.de\/wp-content\/uploads\/2019\/06\/Logo-einzeln.svg","width":410.772,"height":143.33,"caption":"CNC-Technik Happe GmbH"},"image":{"@id":"https:\/\/cnc-happe.de\/#\/schema\/logo\/image\/"}}]}},"_links":{"self":[{"href":"https:\/\/cnc-happe.de\/en\/wp-json\/wp\/v2\/pages\/190","targetHints":{"allow":["GET"]}}],"collection":[{"href":"https:\/\/cnc-happe.de\/en\/wp-json\/wp\/v2\/pages"}],"about":[{"href":"https:\/\/cnc-happe.de\/en\/wp-json\/wp\/v2\/types\/page"}],"author":[{"embeddable":true,"href":"https:\/\/cnc-happe.de\/en\/wp-json\/wp\/v2\/users\/1"}],"replies":[{"embeddable":true,"href":"https:\/\/cnc-happe.de\/en\/wp-json\/wp\/v2\/comments?post=190"}],"version-history":[{"count":38,"href":"https:\/\/cnc-happe.de\/en\/wp-json\/wp\/v2\/pages\/190\/revisions"}],"predecessor-version":[{"id":1319,"href":"https:\/\/cnc-happe.de\/en\/wp-json\/wp\/v2\/pages\/190\/revisions\/1319"}],"wp:attachment":[{"href":"https:\/\/cnc-happe.de\/en\/wp-json\/wp\/v2\/media?parent=190"}],"curies":[{"name":"wp","href":"https:\/\/api.w.org\/{rel}","templated":true}]}}